{"id":5676,"date":"2022-06-14T17:37:07","date_gmt":"2022-06-14T17:37:07","guid":{"rendered":"https:\/\/villamadina.com\/menu\/"},"modified":"2024-08-30T14:49:39","modified_gmt":"2024-08-30T14:49:39","slug":"menu","status":"publish","type":"page","link":"https:\/\/villamadina.com\/fr\/menu\/","title":{"rendered":"Menu"},"content":{"rendered":"<p><div class=\"fusion-fullwidth fullwidth-box fusion-builder-row-1 fusion-flex-container fusion-parallax-none nonhundred-percent-fullwidth non-hundred-percent-height-scrolling\" style=\"--awb-border-radius-top-left:0px;--awb-border-radius-top-right:0px;--awb-border-radius-bottom-right:0px;--awb-border-radius-bottom-left:0px;--awb-margin-top:2%;--awb-background-image:url(&quot;https:\/\/dentaldev3.live\/wp-content\/uploads\/2022\/06\/villa-madina-menu-background.png&quot;);--awb-background-size:cover;--awb-flex-wrap:wrap;\" ><div class=\"fusion-builder-row fusion-row fusion-flex-align-items-flex-start fusion-flex-justify-content-center fusion-flex-content-wrap\" style=\"max-width:1227.2px;margin-left: calc(-4% \/ 2 );margin-right: calc(-4% \/ 2 );\"><div class=\"fusion-layout-column fusion_builder_column fusion-builder-column-0 fusion_builder_column_1_1 1_1 fusion-flex-column\" style=\"--awb-bg-size:cover;--awb-width-large:100%;--awb-margin-top-large:15px;--awb-spacing-right-large:1.92%;--awb-margin-bottom-large:15px;--awb-spacing-left-large:1.92%;--awb-width-medium:100%;--awb-order-medium:0;--awb-spacing-right-medium:1.92%;--awb-spacing-left-medium:1.92%;--awb-width-small:100%;--awb-order-small:0;--awb-spacing-right-small:1.92%;--awb-spacing-left-small:1.92%;\"><div class=\"fusion-column-wrapper fusion-column-has-shadow fusion-flex-justify-content-flex-start fusion-content-layout-column\"><div class=\"fusion-text fusion-text-1\" style=\"--awb-text-font-family:&quot;Roboto&quot;;--awb-text-font-style:normal;--awb-text-font-weight:400;\"><h1 class=\"preScale scaleIn\" style=\"text-align: center; color: #005ba9;\"><strong>Notre menu m\u00e9diterran\u00e9en<\/strong><\/h1>\n<\/div><div class=\"fusion-text fusion-text-2\" style=\"--awb-line-height:1.5;--awb-text-color:#000000;--awb-text-font-family:&quot;Roboto&quot;;--awb-text-font-style:normal;--awb-text-font-weight:400;\"><p style=\"text-align: center;\">Nous nous engageons \u00e0 servir des repas frais, sant\u00e9 et d\u00e9licieux. Tous nos restaurants disposent de tournebroches verticaux de qualit\u00e9 sup\u00e9rieure pour r\u00f4tir nos shawarmas \u00e0 la perfection. Tous nos produits sont certifi\u00e9s halal et sont pr\u00e9par\u00e9s devant vous. Vous avez ainsi l\u2019assurance de manger des ingr\u00e9dients des plus frais.<\/p>\n<\/div><\/div><\/div><div class=\"fusion-layout-column fusion_builder_column fusion-builder-column-1 fusion_builder_column_1_4 1_4 fusion-flex-column\" style=\"--awb-bg-size:cover;--awb-width-large:25%;--awb-margin-top-large:15px;--awb-spacing-right-large:7.68%;--awb-margin-bottom-large:15px;--awb-spacing-left-large:7.68%;--awb-width-medium:100%;--awb-order-medium:0;--awb-spacing-right-medium:1.92%;--awb-spacing-left-medium:1.92%;--awb-width-small:100%;--awb-order-small:0;--awb-spacing-right-small:1.92%;--awb-spacing-left-small:1.92%;\"><div class=\"fusion-column-wrapper fusion-column-has-shadow fusion-flex-justify-content-flex-start fusion-content-layout-column\"><div class=\"fusion-image-element \" style=\"--awb-caption-title-font-family:var(--h2_typography-font-family);--awb-caption-title-font-weight:var(--h2_typography-font-weight);--awb-caption-title-font-style:var(--h2_typography-font-style);--awb-caption-title-size:var(--h2_typography-font-size);--awb-caption-title-transform:var(--h2_typography-text-transform);--awb-caption-title-line-height:var(--h2_typography-line-height);--awb-caption-title-letter-spacing:var(--h2_typography-letter-spacing);\"><span class=\" fusion-imageframe imageframe-none imageframe-1 hover-type-none\"><a class=\"fusion-no-lightbox\" href=\"\/fr\/plates\/\" target=\"_self\" aria-label=\"plates-FR\"><img fetchpriority=\"high\" fetchpriority=\"high\" decoding=\"async\" width=\"550\" height=\"700\" src=\"https:\/\/villamadina.com\/wp-content\/uploads\/2024\/08\/plates-FR.png\" alt class=\"img-responsive wp-image-6378\" srcset=\"https:\/\/villamadina.com\/wp-content\/uploads\/2024\/08\/plates-FR-200x255.png 200w, https:\/\/villamadina.com\/wp-content\/uploads\/2024\/08\/plates-FR-400x509.png 400w, https:\/\/villamadina.com\/wp-content\/uploads\/2024\/08\/plates-FR.png 550w\" sizes=\"(max-width: 1000px) 100vw, (max-width: 640px) 100vw, 400px\" \/><\/a><\/span><\/div><\/div><\/div><div class=\"fusion-layout-column fusion_builder_column fusion-builder-column-2 fusion_builder_column_1_4 1_4 fusion-flex-column\" style=\"--awb-bg-size:cover;--awb-width-large:25%;--awb-margin-top-large:15px;--awb-spacing-right-large:7.68%;--awb-margin-bottom-large:15px;--awb-spacing-left-large:7.68%;--awb-width-medium:100%;--awb-order-medium:0;--awb-spacing-right-medium:1.92%;--awb-spacing-left-medium:1.92%;--awb-width-small:100%;--awb-order-small:0;--awb-spacing-right-small:1.92%;--awb-spacing-left-small:1.92%;\"><div class=\"fusion-column-wrapper fusion-column-has-shadow fusion-flex-justify-content-flex-start fusion-content-layout-column\"><div class=\"fusion-image-element \" style=\"--awb-caption-title-font-family:var(--h2_typography-font-family);--awb-caption-title-font-weight:var(--h2_typography-font-weight);--awb-caption-title-font-style:var(--h2_typography-font-style);--awb-caption-title-size:var(--h2_typography-font-size);--awb-caption-title-transform:var(--h2_typography-text-transform);--awb-caption-title-line-height:var(--h2_typography-line-height);--awb-caption-title-letter-spacing:var(--h2_typography-letter-spacing);\"><span class=\" fusion-imageframe imageframe-none imageframe-2 hover-type-none\"><a class=\"fusion-no-lightbox\" href=\"\/fr\/sandwiches\/\" target=\"_self\" aria-label=\"sndwich-FR\"><img decoding=\"async\" width=\"550\" height=\"700\" src=\"https:\/\/villamadina.com\/wp-content\/uploads\/2024\/08\/sndwich-FR.png\" alt class=\"img-responsive wp-image-6376\" srcset=\"https:\/\/villamadina.com\/wp-content\/uploads\/2024\/08\/sndwich-FR-200x255.png 200w, https:\/\/villamadina.com\/wp-content\/uploads\/2024\/08\/sndwich-FR-400x509.png 400w, https:\/\/villamadina.com\/wp-content\/uploads\/2024\/08\/sndwich-FR.png 550w\" sizes=\"(max-width: 1000px) 100vw, (max-width: 640px) 100vw, 400px\" \/><\/a><\/span><\/div><\/div><\/div><div class=\"fusion-layout-column fusion_builder_column fusion-builder-column-3 fusion_builder_column_1_4 1_4 fusion-flex-column\" style=\"--awb-bg-size:cover;--awb-width-large:25%;--awb-margin-top-large:15px;--awb-spacing-right-large:7.68%;--awb-margin-bottom-large:15px;--awb-spacing-left-large:7.68%;--awb-width-medium:100%;--awb-order-medium:0;--awb-spacing-right-medium:1.92%;--awb-spacing-left-medium:1.92%;--awb-width-small:100%;--awb-order-small:0;--awb-spacing-right-small:1.92%;--awb-spacing-left-small:1.92%;\"><div class=\"fusion-column-wrapper fusion-column-has-shadow fusion-flex-justify-content-flex-start fusion-content-layout-column\"><div class=\"fusion-image-element \" style=\"--awb-caption-title-font-family:var(--h2_typography-font-family);--awb-caption-title-font-weight:var(--h2_typography-font-weight);--awb-caption-title-font-style:var(--h2_typography-font-style);--awb-caption-title-size:var(--h2_typography-font-size);--awb-caption-title-transform:var(--h2_typography-text-transform);--awb-caption-title-line-height:var(--h2_typography-line-height);--awb-caption-title-letter-spacing:var(--h2_typography-letter-spacing);\"><span class=\" fusion-imageframe imageframe-none imageframe-3 hover-type-none\"><a class=\"fusion-no-lightbox\" href=\"\/fr\/rokbox\/\" target=\"_self\" aria-label=\"rokbox-FR\"><img decoding=\"async\" width=\"550\" height=\"700\" src=\"https:\/\/villamadina.com\/wp-content\/uploads\/2024\/08\/rokbox-FR.png\" alt class=\"img-responsive wp-image-6380\" srcset=\"https:\/\/villamadina.com\/wp-content\/uploads\/2024\/08\/rokbox-FR-200x255.png 200w, https:\/\/villamadina.com\/wp-content\/uploads\/2024\/08\/rokbox-FR-400x509.png 400w, https:\/\/villamadina.com\/wp-content\/uploads\/2024\/08\/rokbox-FR.png 550w\" sizes=\"(max-width: 1000px) 100vw, (max-width: 640px) 100vw, 400px\" \/><\/a><\/span><\/div><\/div><\/div><div class=\"fusion-layout-column fusion_builder_column fusion-builder-column-4 fusion_builder_column_1_4 1_4 fusion-flex-column\" style=\"--awb-bg-size:cover;--awb-width-large:25%;--awb-margin-top-large:15px;--awb-spacing-right-large:7.68%;--awb-margin-bottom-large:15px;--awb-spacing-left-large:7.68%;--awb-width-medium:100%;--awb-order-medium:0;--awb-spacing-right-medium:1.92%;--awb-spacing-left-medium:1.92%;--awb-width-small:100%;--awb-order-small:0;--awb-spacing-right-small:1.92%;--awb-spacing-left-small:1.92%;\"><div class=\"fusion-column-wrapper fusion-column-has-shadow fusion-flex-justify-content-flex-start fusion-content-layout-column\"><div class=\"fusion-image-element \" style=\"--awb-caption-title-font-family:var(--h2_typography-font-family);--awb-caption-title-font-weight:var(--h2_typography-font-weight);--awb-caption-title-font-style:var(--h2_typography-font-style);--awb-caption-title-size:var(--h2_typography-font-size);--awb-caption-title-transform:var(--h2_typography-text-transform);--awb-caption-title-line-height:var(--h2_typography-line-height);--awb-caption-title-letter-spacing:var(--h2_typography-letter-spacing);\"><span class=\" fusion-imageframe imageframe-none imageframe-4 hover-type-none\"><a class=\"fusion-no-lightbox\" href=\"\/fr\/sides\/\" target=\"_self\" aria-label=\"sides-FR\"><img loading=\"lazy\" loading=\"lazy\" decoding=\"async\" width=\"550\" height=\"700\" src=\"https:\/\/villamadina.com\/wp-content\/uploads\/2024\/08\/sides-FR.png\" alt class=\"img-responsive wp-image-6382\" srcset=\"https:\/\/villamadina.com\/wp-content\/uploads\/2024\/08\/sides-FR-200x255.png 200w, https:\/\/villamadina.com\/wp-content\/uploads\/2024\/08\/sides-FR-400x509.png 400w, https:\/\/villamadina.com\/wp-content\/uploads\/2024\/08\/sides-FR.png 550w\" sizes=\"auto, (max-width: 1000px) 100vw, (max-width: 640px) 100vw, 400px\" \/><\/a><\/span><\/div><\/div><\/div><\/div><\/div><div class=\"fusion-fullwidth fullwidth-box fusion-builder-row-2 fusion-flex-container fusion-parallax-none nonhundred-percent-fullwidth non-hundred-percent-height-scrolling\" style=\"--awb-border-radius-top-left:0px;--awb-border-radius-top-right:0px;--awb-border-radius-bottom-right:0px;--awb-border-radius-bottom-left:0px;--awb-padding-top:5%;--awb-padding-bottom:5%;--awb-background-color:#ffffff;--awb-background-image:url(&quot;https:\/\/villamadina.com\/wp-content\/uploads\/2023\/02\/halal-certification-from-villa-madina.png&quot;);--awb-background-size:cover;--awb-flex-wrap:wrap;\" ><div class=\"fusion-builder-row fusion-row fusion-flex-align-items-flex-start fusion-flex-content-wrap\" style=\"max-width:1227.2px;margin-left: calc(-4% \/ 2 );margin-right: calc(-4% \/ 2 );\"><div class=\"fusion-layout-column fusion_builder_column fusion-builder-column-5 fusion_builder_column_1_5 1_5 fusion-flex-column\" style=\"--awb-bg-size:cover;--awb-width-large:20%;--awb-margin-top-large:15px;--awb-spacing-right-large:9.6%;--awb-margin-bottom-large:15px;--awb-spacing-left-large:9.6%;--awb-width-medium:100%;--awb-order-medium:0;--awb-spacing-right-medium:1.92%;--awb-spacing-left-medium:1.92%;--awb-width-small:100%;--awb-order-small:0;--awb-spacing-right-small:1.92%;--awb-spacing-left-small:1.92%;\"><div class=\"fusion-column-wrapper fusion-column-has-shadow fusion-flex-justify-content-flex-start fusion-content-layout-column\"><div class=\"fusion-image-element \" style=\"--awb-caption-title-font-family:var(--h2_typography-font-family);--awb-caption-title-font-weight:var(--h2_typography-font-weight);--awb-caption-title-font-style:var(--h2_typography-font-style);--awb-caption-title-size:var(--h2_typography-font-size);--awb-caption-title-transform:var(--h2_typography-text-transform);--awb-caption-title-line-height:var(--h2_typography-line-height);--awb-caption-title-letter-spacing:var(--h2_typography-letter-spacing);\"><span class=\" fusion-imageframe imageframe-none imageframe-5 hover-type-none\"><img loading=\"lazy\" loading=\"lazy\" decoding=\"async\" width=\"300\" height=\"253\" title=\"Halal certified logo\" src=\"https:\/\/villamadina.com\/wp-content\/uploads\/2022\/06\/Halal-certified-logo.png\" alt class=\"img-responsive wp-image-2636\" srcset=\"https:\/\/villamadina.com\/wp-content\/uploads\/2022\/06\/Halal-certified-logo-200x169.png 200w, https:\/\/villamadina.com\/wp-content\/uploads\/2022\/06\/Halal-certified-logo.png 300w\" sizes=\"auto, (max-width: 1000px) 100vw, (max-width: 640px) 100vw, 200px\" \/><\/span><\/div><\/div><\/div><div class=\"fusion-layout-column fusion_builder_column fusion-builder-column-6 fusion_builder_column_4_5 4_5 fusion-flex-column\" style=\"--awb-bg-size:cover;--awb-width-large:80%;--awb-margin-top-large:15px;--awb-spacing-right-large:2.4%;--awb-margin-bottom-large:15px;--awb-spacing-left-large:2.4%;--awb-width-medium:100%;--awb-order-medium:0;--awb-spacing-right-medium:1.92%;--awb-spacing-left-medium:1.92%;--awb-width-small:100%;--awb-order-small:0;--awb-spacing-right-small:1.92%;--awb-spacing-left-small:1.92%;\"><div class=\"fusion-column-wrapper fusion-column-has-shadow fusion-flex-justify-content-flex-start fusion-content-layout-column\"><div class=\"fusion-text fusion-text-3\" style=\"--awb-font-size:16px;--awb-line-height:1;--awb-text-color:#ffffff;--awb-text-font-family:&quot;Roboto&quot;;--awb-text-font-style:normal;--awb-text-font-weight:400;\"><p><span style=\"color: #ffffff;\">Le mot halal, utilis\u00e9 pour d\u00e9crire le type d\u2019aliments autoris\u00e9s, fait souvent r\u00e9f\u00e9rence aux produits \u00e0 base de viande. Toutes nos succursales Villa Madina sont certifi\u00e9es halal. Notre principal organisme de certification est le Halal Advisory Group, le plus important organisme de certification halal du Canada. Villa Madina s\u2019approvisionne en viandes de qualit\u00e9 sup\u00e9rieure uniquement aupr\u00e8s de fournisseurs certifi\u00e9s halal, et effectue r\u00e9guli\u00e8rement des audits afin de s\u2019assurer du caract\u00e8re entier de la transparence et de la conformit\u00e9. Nous nous engageons \u00e9galement \u00e0 respecter scrupuleusement toutes les r\u00e9glementations ou normes canadiennes en mati\u00e8re de sant\u00e9 et s\u00e9curit\u00e9.<\/span><\/p>\n<p><span style=\"color: #000000;\"><span style=\"color: #ffffff;\">Pour plus d\u2019information sur la certification halal ou sur la politique halal de Villa Madina,<\/span> <span style=\"color: #ff9900;\"><a style=\"color: #ff9900;\" href=\"http:\/\/www.halaladvisory.ca\/halal-101\">cliquez ici<\/a><\/span> .<\/span><\/p>\n<\/div><\/div><\/div><div class=\"fusion-layout-column fusion_builder_column fusion-builder-column-7 fusion_builder_column_1_1 1_1 fusion-flex-column\" style=\"--awb-bg-size:cover;--awb-width-large:100%;--awb-margin-top-large:15px;--awb-spacing-right-large:1.92%;--awb-margin-bottom-large:15px;--awb-spacing-left-large:1.92%;--awb-width-medium:100%;--awb-order-medium:0;--awb-spacing-right-medium:1.92%;--awb-spacing-left-medium:1.92%;--awb-width-small:100%;--awb-order-small:0;--awb-spacing-right-small:1.92%;--awb-spacing-left-small:1.92%;\"><div class=\"fusion-column-wrapper fusion-column-has-shadow fusion-flex-justify-content-flex-start fusion-content-layout-column\"><div class=\"fusion-image-element \" style=\"text-align:center;--awb-caption-title-font-family:var(--h2_typography-font-family);--awb-caption-title-font-weight:var(--h2_typography-font-weight);--awb-caption-title-font-style:var(--h2_typography-font-style);--awb-caption-title-size:var(--h2_typography-font-size);--awb-caption-title-transform:var(--h2_typography-text-transform);--awb-caption-title-line-height:var(--h2_typography-line-height);--awb-caption-title-letter-spacing:var(--h2_typography-letter-spacing);\"><span class=\" fusion-imageframe imageframe-none imageframe-6 hover-type-none\"><a class=\"fusion-no-lightbox\" href=\"\/wp-content\/uploads\/2022\/06\/VillaMadinaNutritional_APR2019_EN.pdf\" target=\"_self\" aria-label=\"Nutritional-Information-at-villa-madina-button_FR\"><img loading=\"lazy\" loading=\"lazy\" decoding=\"async\" width=\"500\" height=\"86\" src=\"https:\/\/villamadina.com\/wp-content\/uploads\/2023\/03\/Nutritional-Information-at-villa-madina-button_FR.png\" alt class=\"img-responsive wp-image-5793\" srcset=\"https:\/\/villamadina.com\/wp-content\/uploads\/2023\/03\/Nutritional-Information-at-villa-madina-button_FR-200x34.png 200w, https:\/\/villamadina.com\/wp-content\/uploads\/2023\/03\/Nutritional-Information-at-villa-madina-button_FR-400x69.png 400w, https:\/\/villamadina.com\/wp-content\/uploads\/2023\/03\/Nutritional-Information-at-villa-madina-button_FR.png 500w\" sizes=\"auto, (max-width: 1000px) 100vw, (max-width: 640px) 100vw, 500px\" \/><\/a><\/span><\/div><\/div><\/div><\/div><\/div><\/p>\n","protected":false},"excerpt":{"rendered":"","protected":false},"author":1,"featured_media":0,"parent":0,"menu_order":0,"comment_status":"closed","ping_status":"closed","template":"100-width.php","meta":{"_acf_changed":false,"footnotes":""},"class_list":["post-5676","page","type-page","status-publish","hentry"],"acf":[],"_links":{"self":[{"href":"https:\/\/villamadina.com\/fr\/wp-json\/wp\/v2\/pages\/5676","targetHints":{"allow":["GET"]}}],"collection":[{"href":"https:\/\/villamadina.com\/fr\/wp-json\/wp\/v2\/pages"}],"about":[{"href":"https:\/\/villamadina.com\/fr\/wp-json\/wp\/v2\/types\/page"}],"author":[{"embeddable":true,"href":"https:\/\/villamadina.com\/fr\/wp-json\/wp\/v2\/users\/1"}],"replies":[{"embeddable":true,"href":"https:\/\/villamadina.com\/fr\/wp-json\/wp\/v2\/comments?post=5676"}],"version-history":[{"count":0,"href":"https:\/\/villamadina.com\/fr\/wp-json\/wp\/v2\/pages\/5676\/revisions"}],"wp:attachment":[{"href":"https:\/\/villamadina.com\/fr\/wp-json\/wp\/v2\/media?parent=5676"}],"curies":[{"name":"wp","href":"https:\/\/api.w.org\/{rel}","templated":true}]}}