{"id":5685,"date":"2022-06-14T18:45:42","date_gmt":"2022-06-14T18:45:42","guid":{"rendered":"https:\/\/villamadina.com\/franchises\/"},"modified":"2023-10-18T20:00:48","modified_gmt":"2023-10-18T20:00:48","slug":"franchises","status":"publish","type":"page","link":"https:\/\/villamadina.com\/fr\/franchises\/","title":{"rendered":"FRANCHISES"},"content":{"rendered":"<div class=\"fusion-fullwidth fullwidth-box fusion-builder-row-1 fusion-flex-container fusion-parallax-none nonhundred-percent-fullwidth non-hundred-percent-height-scrolling\" style=\"--awb-border-radius-top-left:0px;--awb-border-radius-top-right:0px;--awb-border-radius-bottom-right:0px;--awb-border-radius-bottom-left:0px;--awb-padding-top:5%;--awb-padding-bottom:5%;--awb-background-image:url(&quot;https:\/\/villamadina.com\/wp-content\/uploads\/2022\/06\/franchising-villa-madina-background.png&quot;);--awb-background-size:cover;--awb-flex-wrap:wrap;\" ><div class=\"fusion-builder-row fusion-row fusion-flex-align-items-flex-start fusion-flex-content-wrap\" style=\"max-width:1227.2px;margin-left: calc(-4% \/ 2 );margin-right: calc(-4% \/ 2 );\"><div class=\"fusion-layout-column fusion_builder_column fusion-builder-column-0 fusion_builder_column_1_1 1_1 fusion-flex-column\" style=\"--awb-bg-size:cover;--awb-width-large:100%;--awb-margin-top-large:15px;--awb-spacing-right-large:1.92%;--awb-margin-bottom-large:15px;--awb-spacing-left-large:1.92%;--awb-width-medium:100%;--awb-order-medium:0;--awb-spacing-right-medium:1.92%;--awb-spacing-left-medium:1.92%;--awb-width-small:100%;--awb-order-small:0;--awb-spacing-right-small:1.92%;--awb-spacing-left-small:1.92%;\"><div class=\"fusion-column-wrapper fusion-column-has-shadow fusion-flex-justify-content-flex-start fusion-content-layout-column\"><div class=\"fusion-text fusion-text-1\" style=\"--awb-text-font-family:&quot;Roboto&quot;;--awb-text-font-style:normal;--awb-text-font-weight:700;\"><h1 style=\"text-align: center; color: #005ba9; font-family: Roboto, sans-serif; font-weight: bold; font-style: normal;\"><strong>Possibilit\u00e9s de devenir franchis\u00e9<\/strong><\/h1>\n<\/div><\/div><\/div><div class=\"fusion-layout-column fusion_builder_column fusion-builder-column-1 fusion_builder_column_1_2 1_2 fusion-flex-column\" style=\"--awb-bg-size:cover;--awb-width-large:50%;--awb-margin-top-large:15px;--awb-spacing-right-large:3.84%;--awb-margin-bottom-large:15px;--awb-spacing-left-large:3.84%;--awb-width-medium:100%;--awb-order-medium:0;--awb-spacing-right-medium:1.92%;--awb-spacing-left-medium:1.92%;--awb-width-small:100%;--awb-order-small:0;--awb-spacing-right-small:1.92%;--awb-spacing-left-small:1.92%;\"><div class=\"fusion-column-wrapper fusion-column-has-shadow fusion-flex-justify-content-flex-start fusion-content-layout-column\"><div class=\"fusion-text fusion-text-2\" style=\"--awb-font-size:52px;--awb-line-height:1;--awb-text-color:#000000;--awb-text-font-family:&quot;Roboto&quot;;--awb-text-font-style:normal;--awb-text-font-weight:400;\"><p style=\"text-align: right;\"><strong>COMPTANT <span style=\"color: #ef8d27;\">PLUS DE 30<br \/>\n<\/span><\/strong><strong><span style=\"color: #ef8d27;\">SUCCURSALES<\/span> AU<br \/>\n<\/strong><strong>CANADA DEPUIS 2004,<br \/>\n<\/strong><strong>NOUS SOMMES FIERS<br \/>\n<\/strong><strong>ENNE, <span style=\"color: #ef8d27;\">AUTHENTIQUE<br \/>\n<\/span><\/strong><strong><span style=\"color: #ef8d27;\">M\u00c9DITERRAN\u00c9<br \/>\n<\/span><\/strong><strong>CUISINE.<\/strong><\/p>\n<\/div><\/div><\/div><div class=\"fusion-layout-column fusion_builder_column fusion-builder-column-2 fusion_builder_column_1_2 1_2 fusion-flex-column\" style=\"--awb-bg-size:cover;--awb-width-large:50%;--awb-margin-top-large:15px;--awb-spacing-right-large:3.84%;--awb-margin-bottom-large:15px;--awb-spacing-left-large:3.84%;--awb-width-medium:100%;--awb-order-medium:0;--awb-spacing-right-medium:1.92%;--awb-spacing-left-medium:1.92%;--awb-width-small:100%;--awb-order-small:0;--awb-spacing-right-small:1.92%;--awb-spacing-left-small:1.92%;\"><div class=\"fusion-column-wrapper fusion-column-has-shadow fusion-flex-justify-content-flex-start fusion-content-layout-column\"><div class=\"fusion-image-element \" style=\"--awb-margin-bottom:2%;--awb-caption-title-font-family:var(--h2_typography-font-family);--awb-caption-title-font-weight:var(--h2_typography-font-weight);--awb-caption-title-font-style:var(--h2_typography-font-style);--awb-caption-title-size:var(--h2_typography-font-size);--awb-caption-title-transform:var(--h2_typography-text-transform);--awb-caption-title-line-height:var(--h2_typography-line-height);--awb-caption-title-letter-spacing:var(--h2_typography-letter-spacing);\"><span class=\" fusion-imageframe imageframe-none imageframe-1 hover-type-none\"><a class=\"fusion-no-lightbox\" href=\"https:\/\/mtygroup.com\/franchise-canadienne\/\" target=\"_blank\" aria-label=\"FranchiseePre-ApplicationForm\" rel=\"noopener noreferrer\"><img decoding=\"async\" width=\"500\" height=\"79\" src=\"https:\/\/villamadina.com\/wp-content\/uploads\/2023\/03\/FranchiseePre-ApplicationForm.png\" alt class=\"img-responsive wp-image-5789\" srcset=\"https:\/\/villamadina.com\/wp-content\/uploads\/2023\/03\/FranchiseePre-ApplicationForm-200x32.png 200w, https:\/\/villamadina.com\/wp-content\/uploads\/2023\/03\/FranchiseePre-ApplicationForm-400x63.png 400w, https:\/\/villamadina.com\/wp-content\/uploads\/2023\/03\/FranchiseePre-ApplicationForm.png 500w\" sizes=\"(max-width: 1000px) 100vw, (max-width: 640px) 100vw, 500px\" \/><\/a><\/span><\/div><div class=\"fusion-text fusion-text-3\" style=\"--awb-line-height:1.2;--awb-text-color:#000000;--awb-text-font-family:&quot;Roboto&quot;;--awb-text-font-style:normal;--awb-text-font-weight:400;\"><p>Des recettes maison aux m\u00e9thodes de cuisson traditionnelle, Villa Madina capte l\u2019essence et pr\u00e9serve l\u2019authenticit\u00e9 de la cuisine m\u00e9diterran\u00e9enne. Chaque succursale dispose de plusieurs tournebroches de qualit\u00e9 sup\u00e9rieure pour r\u00f4tir nos shawarmas au b\u0153uf et au poulet \u00e0 la perfection, lentement et uniform\u00e9ment. Toutes nos viandes sont enti\u00e8rement certifi\u00e9es halal et proviennent de fournisseurs tr\u00e8s r\u00e9put\u00e9s. Nous proposons \u00e9galement un large \u00e9ventail de plats v\u00e9g\u00e9tariens, notamment des falafels, des feuilles de vigne et de nombreuses salades de style m\u00e9diterran\u00e9en, comme une salade taboul\u00e9, une salade fattouche et une salade de couscous.<\/p>\n<p>Principaux plats de notre menu :<\/p>\n<ol>\n<li>sandwichs shawarma et falafels<\/li>\n<li>assiettes de shawarma, shish-taouk, falafels et assiettes v\u00e9g\u00e9tariennes<\/li>\n<li>salades m\u00e9diterran\u00e9ennes assorties<\/li>\n<li>Desserts<\/li>\n<\/ol>\n<\/div><\/div><\/div><div class=\"fusion-layout-column fusion_builder_column fusion-builder-column-3 fusion_builder_column_1_1 1_1 fusion-flex-column\" style=\"--awb-bg-size:cover;--awb-width-large:100%;--awb-margin-top-large:5%;--awb-spacing-right-large:1.92%;--awb-margin-bottom-large:15px;--awb-spacing-left-large:1.92%;--awb-width-medium:100%;--awb-order-medium:0;--awb-spacing-right-medium:1.92%;--awb-spacing-left-medium:1.92%;--awb-width-small:100%;--awb-order-small:0;--awb-spacing-right-small:1.92%;--awb-spacing-left-small:1.92%;\"><div class=\"fusion-column-wrapper fusion-column-has-shadow fusion-flex-justify-content-flex-start fusion-content-layout-column\"><div class=\"fusion-text fusion-text-4\" style=\"--awb-line-height:1.3;--awb-text-color:#000000;--awb-text-font-family:&quot;Roboto&quot;;\"><h3 style=\"text-align: left; color: #005ba9;\"><strong>POSSIBILIT\u00c9S DE FRANCHISAGE<\/strong><\/h3>\n<p>Villa Madina est en pleine expansion en raison de son grand succ\u00e8s et de la forte demande. Avec des succursales dans les principaux centres commerciaux, les m\u00e9gacentres et les centres urbains, Villa Madina a pour vocation d\u2019offrir des plats m\u00e9diterran\u00e9ens frais pour tous!<\/p>\n<p>En tant que membre de la famille Villa Madina, vous profitez du soutien et de l\u2019expertise de notre \u00e9quipe d\u00e9vou\u00e9e. Nous mettons notre \u00e9quipe Villa Madina \u00e0 la disposition de tous nos franchis\u00e9s. Nous fournissons tous les outils n\u00e9cessaires pour r\u00e9ussir.<\/p>\n<ul>\n<li>De d\u00e9licieuses recettes sant\u00e9<\/li>\n<li>De la formation et un soutien \u00e0 l\u2019exploitation<\/li>\n<li>Un pouvoir d\u2019achat<\/li>\n<li>Des strat\u00e9gies de publicit\u00e9 et de marketing \u00e9tablies<\/li>\n<\/ul>\n<p>Les candidats sont s\u00e9lectionn\u00e9s en fonction de plusieurs crit\u00e8res : sens aigu des affaires, exp\u00e9rience, viabilit\u00e9 financi\u00e8re, personnalit\u00e9, bonne attitude, aptitudes \u00e0 l\u2019apprentissage et \u00e0 la communication, etc.<\/p>\n<h3 style=\"text-align: left; color: #005ba9;\"><strong>LE PROCESSUS<\/strong><\/h3>\n<p>Chez Villa Madina, nous faisons en sorte de simplifier le processus de franchisage. Nous vous accompagnons tout au long du processus de franchisage \u2014 de la s\u00e9lection de l\u2019emplacement \u00e0 la formation en passant par le soutien promotionnel.<\/p>\n<h3 style=\"text-align: left; color: #005ba9;\"><strong>LE CHOIX DE L\u2019EMPLACEMENT<\/strong><\/h3>\n<p>Chez Villa Madina, nous sommes fiers de notre processus rigoureux de s\u00e9lection de l\u2019emplacement. Il s\u2019agit l\u00e0 de l\u2019un des aspects les plus importants de la r\u00e9ussite d\u2019une entreprise. Nos crit\u00e8res pour la s\u00e9lection d\u2019un emplacement comprennent une visibilit\u00e9 maximale, un fort achalandage pi\u00e9tonnier et la superficie appropri\u00e9e du local. La superficie de nos emplacements dans les centres commerciaux varie de 400 \u00e0 500 m\u00b2 et celle de nos emplacements urbains de 1 200 \u00e0 1 600 m\u00b2. Nous poss\u00e9dons une vaste exp\u00e9rience dans l\u2019\u00e9valuation et la n\u00e9gociation des loyers et des conditions de location, ce qui se traduit par des marges accrues pour nos partenaires franchis\u00e9s.<\/p>\n<h3 style=\"text-align: left; color: #005ba9;\"><strong>LA FORMATION ET L\u2019ACCOMPAGNEMENT<\/strong><\/h3>\n<p>Villa Madina vous donne la formation et la pr\u00e9paration n\u00e9cessaires pour g\u00e9rer une entreprise prosp\u00e8re. Chaque nouveau franchis\u00e9 suit une formation compl\u00e8te aupr\u00e8s de notre \u00e9quipe de l\u2019exploitation, portant sur les points qui suivent.<\/p>\n<ul>\n<li><strong>Pr\u00e9paration des aliments et m\u00e9thodes de manipulation :<\/strong> nous vous apprenons, \u00e9tape par \u00e9tape, tout ce que vous devez savoir pour pr\u00e9parer tous les plats de notre menu \u2014 du r\u00f4tissage de succulents shawarmas \u00e0 la pr\u00e9paration des fameuses salades libanaises.<\/li>\n<li><strong>Approvisionnement :<\/strong> le principal avantage de faire partie de la famille Villa Madina est de pouvoir profiter du programme d\u2019approvisionnement collectif. Nous fournissons tous les outils et toutes les ressources n\u00e9cessaires pour garantir un contr\u00f4le du co\u00fbt des aliments, ce qui permet de r\u00e9aliser des \u00e9conomies.<\/li>\n<li><strong>Personnel :<\/strong> nous vous aidons \u00e0 embaucher le personnel appropri\u00e9 pour votre franchise.<\/li>\n<\/ul>\n<h3 style=\"text-align: left; color: #005ba9;\"><strong>MAT\u00c9RIEL PROMOTIONNEL<\/strong><\/h3>\n<p>Lorsque vous vous joignez \u00e0 la famille Villa Madina, vous joignez une organisation qui dispose d\u2019un formidable soutien en mati\u00e8re de publicit\u00e9, d\u2019accompagnement professionnel et de marketing. Nous disposons d\u2019une \u00e9quipe d\u2019experts en marketing chevronn\u00e9s dont la priorit\u00e9 est de produire d\u2019excellentes campagnes marketing pour Villa Madina. Nous disposons d\u2019une \u00e9quipe d\u2019experts en marketing chevronn\u00e9s dont la priorit\u00e9 est de produire d\u2019excellentes campagnes marketing pour Villa Madina. Nous sommes \u00e0 l\u2019aff\u00fbt des tendances dans l\u2019industrie et des tendances en mati\u00e8re de sant\u00e9, et nous cr\u00e9ons des campagnes de marketing et de publicit\u00e9 fortes pour attirer la client\u00e8le.<\/p>\n<p>Le succ\u00e8s et la popularit\u00e9 de Villa Madina sont ind\u00e9niables. Si vous souhaitez relever le d\u00e9fi de g\u00e9rer votre propre franchise Villa Madina, veuillez nous en faire part! Veuillez remplir le Formulaire de demande pour devenir franchis\u00e9.<\/p>\n<\/div><\/div><\/div><\/div><\/div>\n","protected":false},"excerpt":{"rendered":"","protected":false},"author":1,"featured_media":0,"parent":0,"menu_order":0,"comment_status":"closed","ping_status":"closed","template":"100-width.php","meta":{"_acf_changed":false,"footnotes":""},"class_list":["post-5685","page","type-page","status-publish","hentry"],"acf":[],"_links":{"self":[{"href":"https:\/\/villamadina.com\/fr\/wp-json\/wp\/v2\/pages\/5685","targetHints":{"allow":["GET"]}}],"collection":[{"href":"https:\/\/villamadina.com\/fr\/wp-json\/wp\/v2\/pages"}],"about":[{"href":"https:\/\/villamadina.com\/fr\/wp-json\/wp\/v2\/types\/page"}],"author":[{"embeddable":true,"href":"https:\/\/villamadina.com\/fr\/wp-json\/wp\/v2\/users\/1"}],"replies":[{"embeddable":true,"href":"https:\/\/villamadina.com\/fr\/wp-json\/wp\/v2\/comments?post=5685"}],"version-history":[{"count":0,"href":"https:\/\/villamadina.com\/fr\/wp-json\/wp\/v2\/pages\/5685\/revisions"}],"wp:attachment":[{"href":"https:\/\/villamadina.com\/fr\/wp-json\/wp\/v2\/media?parent=5685"}],"curies":[{"name":"wp","href":"https:\/\/api.w.org\/{rel}","templated":true}]}}