{"id":5724,"date":"2022-06-16T13:54:27","date_gmt":"2022-06-16T13:54:27","guid":{"rendered":"https:\/\/villamadina.com\/rokbox\/"},"modified":"2023-09-29T13:19:20","modified_gmt":"2023-09-29T13:19:20","slug":"rokbox","status":"publish","type":"page","link":"https:\/\/villamadina.com\/fr\/rokbox\/","title":{"rendered":"RokBox"},"content":{"rendered":"<div class=\"fusion-fullwidth fullwidth-box fusion-builder-row-1 fusion-flex-container fusion-parallax-none nonhundred-percent-fullwidth non-hundred-percent-height-scrolling\" style=\"--awb-border-radius-top-left:0px;--awb-border-radius-top-right:0px;--awb-border-radius-bottom-right:0px;--awb-border-radius-bottom-left:0px;--awb-padding-top:4%;--awb-padding-bottom:4%;--awb-background-image:url(&quot;https:\/\/dentaldev3.live\/wp-content\/uploads\/2022\/06\/plates-menu-background.png&quot;);--awb-background-size:cover;--awb-flex-wrap:wrap;\" ><div class=\"fusion-builder-row fusion-row fusion-flex-align-items-flex-start fusion-flex-content-wrap\" style=\"max-width:1227.2px;margin-left: calc(-4% \/ 2 );margin-right: calc(-4% \/ 2 );\"><div class=\"fusion-layout-column fusion_builder_column fusion-builder-column-0 fusion_builder_column_1_1 1_1 fusion-flex-column\" style=\"--awb-bg-size:cover;--awb-width-large:100%;--awb-margin-top-large:3%;--awb-spacing-right-large:1.92%;--awb-margin-bottom-large:15px;--awb-spacing-left-large:1.92%;--awb-width-medium:100%;--awb-order-medium:0;--awb-spacing-right-medium:1.92%;--awb-spacing-left-medium:1.92%;--awb-width-small:100%;--awb-order-small:0;--awb-spacing-right-small:1.92%;--awb-spacing-left-small:1.92%;\"><div class=\"fusion-column-wrapper fusion-column-has-shadow fusion-flex-justify-content-flex-start fusion-content-layout-column\"><div class=\"fusion-image-element \" style=\"text-align:center;--awb-caption-title-font-family:var(--h2_typography-font-family);--awb-caption-title-font-weight:var(--h2_typography-font-weight);--awb-caption-title-font-style:var(--h2_typography-font-style);--awb-caption-title-size:var(--h2_typography-font-size);--awb-caption-title-transform:var(--h2_typography-text-transform);--awb-caption-title-line-height:var(--h2_typography-line-height);--awb-caption-title-letter-spacing:var(--h2_typography-letter-spacing);\"><span class=\" fusion-imageframe imageframe-none imageframe-1 hover-type-none\"><a class=\"fusion-no-lightbox\" href=\"https:\/\/villamadina.com\/fr\/menu\/\" target=\"_self\" aria-label=\"back-to-full-menu-button_FR\"><img decoding=\"async\" width=\"500\" height=\"86\" src=\"https:\/\/villamadina.com\/wp-content\/uploads\/2023\/03\/back-to-full-menu-button_FR.png\" alt class=\"img-responsive wp-image-5783\" srcset=\"https:\/\/villamadina.com\/wp-content\/uploads\/2023\/03\/back-to-full-menu-button_FR-200x34.png 200w, https:\/\/villamadina.com\/wp-content\/uploads\/2023\/03\/back-to-full-menu-button_FR-400x69.png 400w, https:\/\/villamadina.com\/wp-content\/uploads\/2023\/03\/back-to-full-menu-button_FR.png 500w\" sizes=\"(max-width: 1000px) 100vw, (max-width: 640px) 100vw, 500px\" \/><\/a><\/span><\/div><\/div><\/div><div class=\"fusion-layout-column fusion_builder_column fusion-builder-column-1 fusion_builder_column_1_1 1_1 fusion-flex-column\" style=\"--awb-bg-size:cover;--awb-width-large:100%;--awb-margin-top-large:3%;--awb-spacing-right-large:1.92%;--awb-margin-bottom-large:15px;--awb-spacing-left-large:1.92%;--awb-width-medium:100%;--awb-order-medium:0;--awb-spacing-right-medium:1.92%;--awb-spacing-left-medium:1.92%;--awb-width-small:100%;--awb-order-small:0;--awb-spacing-right-small:1.92%;--awb-spacing-left-small:1.92%;\"><div class=\"fusion-column-wrapper fusion-column-has-shadow fusion-flex-justify-content-flex-start fusion-content-layout-column\"><div class=\"fusion-text fusion-text-1\"><h1 style=\"text-align: center; color: #000000;\"><strong>Rokbox<\/strong><\/h1>\n<\/div><\/div><\/div><div class=\"fusion-layout-column fusion_builder_column fusion-builder-column-2 fusion_builder_column_1_2 1_2 fusion-flex-column\" style=\"--awb-bg-size:cover;--awb-width-large:50%;--awb-margin-top-large:15px;--awb-spacing-right-large:3.84%;--awb-margin-bottom-large:15px;--awb-spacing-left-large:3.84%;--awb-width-medium:100%;--awb-order-medium:0;--awb-spacing-right-medium:1.92%;--awb-spacing-left-medium:1.92%;--awb-width-small:100%;--awb-order-small:0;--awb-spacing-right-small:1.92%;--awb-spacing-left-small:1.92%;\"><div class=\"fusion-column-wrapper fusion-column-has-shadow fusion-flex-justify-content-flex-start fusion-content-layout-column\"><div class=\"fusion-image-element \" style=\"--awb-caption-title-font-family:var(--h2_typography-font-family);--awb-caption-title-font-weight:var(--h2_typography-font-weight);--awb-caption-title-font-style:var(--h2_typography-font-style);--awb-caption-title-size:var(--h2_typography-font-size);--awb-caption-title-transform:var(--h2_typography-text-transform);--awb-caption-title-line-height:var(--h2_typography-line-height);--awb-caption-title-letter-spacing:var(--h2_typography-letter-spacing);\"><span class=\" fusion-imageframe imageframe-none imageframe-2 hover-type-none\"><img fetchpriority=\"high\" fetchpriority=\"high\" decoding=\"async\" width=\"500\" height=\"500\" title=\"Mixed Shawarma Rokbox\" src=\"https:\/\/villamadina.com\/wp-content\/uploads\/2023\/09\/Mixed-Shawarma-Rokbox.png\" alt class=\"img-responsive wp-image-6011\" srcset=\"https:\/\/villamadina.com\/wp-content\/uploads\/2023\/09\/Mixed-Shawarma-Rokbox-200x200.png 200w, https:\/\/villamadina.com\/wp-content\/uploads\/2023\/09\/Mixed-Shawarma-Rokbox-400x400.png 400w, https:\/\/villamadina.com\/wp-content\/uploads\/2023\/09\/Mixed-Shawarma-Rokbox.png 500w\" sizes=\"(max-width: 1000px) 100vw, (max-width: 640px) 100vw, 500px\" \/><\/span><\/div><div class=\"fusion-image-element \" style=\"--awb-margin-top:30px;--awb-margin-bottom:15px;--awb-caption-title-font-family:var(--h2_typography-font-family);--awb-caption-title-font-weight:var(--h2_typography-font-weight);--awb-caption-title-font-style:var(--h2_typography-font-style);--awb-caption-title-size:var(--h2_typography-font-size);--awb-caption-title-transform:var(--h2_typography-text-transform);--awb-caption-title-line-height:var(--h2_typography-line-height);--awb-caption-title-letter-spacing:var(--h2_typography-letter-spacing);\"><span class=\" fusion-imageframe imageframe-none imageframe-3 hover-type-none\"><img decoding=\"async\" width=\"600\" height=\"97\" title=\"RokBox-button-600x97_FR\" src=\"https:\/\/villamadina.com\/wp-content\/uploads\/2023\/03\/RokBox-button-600x97_FR.png\" alt class=\"img-responsive wp-image-5801\" srcset=\"https:\/\/villamadina.com\/wp-content\/uploads\/2023\/03\/RokBox-button-600x97_FR-200x32.png 200w, https:\/\/villamadina.com\/wp-content\/uploads\/2023\/03\/RokBox-button-600x97_FR-400x65.png 400w, https:\/\/villamadina.com\/wp-content\/uploads\/2023\/03\/RokBox-button-600x97_FR.png 600w\" sizes=\"(max-width: 1000px) 100vw, (max-width: 640px) 100vw, 600px\" \/><\/span><\/div><div class=\"fusion-text fusion-text-2\" style=\"--awb-text-color:#000000;\"><p>Shawarma r\u00f4ti lentement, servi avec riz, navets et piments marin\u00e9s, le tout napp\u00e9 de notre RokSauceMC \u00e0 l\u2019ail.<\/p>\n<\/div><div class=\"fusion-text fusion-text-3\" style=\"--awb-font-size:20px;--awb-line-height:1.2;--awb-text-color:#000000;\"><p><strong>POULET <\/strong><span style=\"color: #ff9933;\"> 800-810 CAL | 1430-1450 CAL<\/span><br \/>\n<strong>B\u0152UF<\/strong> <span style=\"color: #ff9933;\">830-840 CAL | 1470-1490 CAL<\/span><br \/>\n<strong>POULET ET B\u0152UF <\/strong> <span style=\"color: #ff9933;\">820-830 CAL | 1450-1470 CAL<\/span><br \/>\n<strong>FALAFEL<\/strong><span style=\"color: #ff9933;\"> 790-800 CAL | 1480-1500 CAL<\/span><\/p>\n<\/div><\/div><\/div><div class=\"fusion-layout-column fusion_builder_column fusion-builder-column-3 fusion_builder_column_1_2 1_2 fusion-flex-column\" style=\"--awb-bg-size:cover;--awb-width-large:50%;--awb-margin-top-large:15px;--awb-spacing-right-large:3.84%;--awb-margin-bottom-large:15px;--awb-spacing-left-large:3.84%;--awb-width-medium:100%;--awb-order-medium:0;--awb-spacing-right-medium:1.92%;--awb-spacing-left-medium:1.92%;--awb-width-small:100%;--awb-order-small:0;--awb-spacing-right-small:1.92%;--awb-spacing-left-small:1.92%;\"><div class=\"fusion-column-wrapper fusion-column-has-shadow fusion-flex-justify-content-flex-start fusion-content-layout-column\"><div class=\"fusion-image-element \" style=\"--awb-caption-title-font-family:var(--h2_typography-font-family);--awb-caption-title-font-weight:var(--h2_typography-font-weight);--awb-caption-title-font-style:var(--h2_typography-font-style);--awb-caption-title-size:var(--h2_typography-font-size);--awb-caption-title-transform:var(--h2_typography-text-transform);--awb-caption-title-line-height:var(--h2_typography-line-height);--awb-caption-title-letter-spacing:var(--h2_typography-letter-spacing);\"><span class=\" fusion-imageframe imageframe-none imageframe-4 hover-type-none\"><img loading=\"lazy\" loading=\"lazy\" decoding=\"async\" width=\"500\" height=\"500\" title=\"Chicken Shawarma Poutine\" src=\"https:\/\/villamadina.com\/wp-content\/uploads\/2023\/09\/Chicken-Shawarma-Poutine.png\" alt class=\"img-responsive wp-image-5993\" srcset=\"https:\/\/villamadina.com\/wp-content\/uploads\/2023\/09\/Chicken-Shawarma-Poutine-200x200.png 200w, https:\/\/villamadina.com\/wp-content\/uploads\/2023\/09\/Chicken-Shawarma-Poutine-400x400.png 400w, https:\/\/villamadina.com\/wp-content\/uploads\/2023\/09\/Chicken-Shawarma-Poutine.png 500w\" sizes=\"auto, (max-width: 1000px) 100vw, (max-width: 640px) 100vw, 500px\" \/><\/span><\/div><div class=\"fusion-image-element \" style=\"--awb-margin-top:30px;--awb-margin-bottom:15px;--awb-caption-title-font-family:var(--h2_typography-font-family);--awb-caption-title-font-weight:var(--h2_typography-font-weight);--awb-caption-title-font-style:var(--h2_typography-font-style);--awb-caption-title-size:var(--h2_typography-font-size);--awb-caption-title-transform:var(--h2_typography-text-transform);--awb-caption-title-line-height:var(--h2_typography-line-height);--awb-caption-title-letter-spacing:var(--h2_typography-letter-spacing);\"><span class=\" fusion-imageframe imageframe-none imageframe-5 hover-type-none\"><img loading=\"lazy\" loading=\"lazy\" decoding=\"async\" width=\"600\" height=\"97\" title=\"shawarma-poutine-from-villa-madina-600x97_FR\" src=\"https:\/\/villamadina.com\/wp-content\/uploads\/2023\/03\/shawarma-poutine-from-villa-madina-600x97_FR.png\" alt class=\"img-responsive wp-image-5811\" srcset=\"https:\/\/villamadina.com\/wp-content\/uploads\/2023\/03\/shawarma-poutine-from-villa-madina-600x97_FR-200x32.png 200w, https:\/\/villamadina.com\/wp-content\/uploads\/2023\/03\/shawarma-poutine-from-villa-madina-600x97_FR-400x65.png 400w, https:\/\/villamadina.com\/wp-content\/uploads\/2023\/03\/shawarma-poutine-from-villa-madina-600x97_FR.png 600w\" sizes=\"auto, (max-width: 1000px) 100vw, (max-width: 640px) 100vw, 600px\" \/><\/span><\/div><div class=\"fusion-text fusion-text-4\" style=\"--awb-text-color:#000000;\"><div class=\"fusion-text fusion-text-2\">\n<p>Frites, pommes de terre \u00e0 l\u2019ail, fromage en grains, sauce, shawarma, sauce \u00e0 l\u2019ail, navets marin\u00e9s.<\/p>\n<\/div>\n<\/div><div class=\"fusion-text fusion-text-5\" style=\"--awb-font-size:20px;--awb-line-height:1.2;--awb-text-color:#000000;\"><p><strong>POUTINE CLASSIQUE <\/strong><span style=\"color: #ff9933;\"> 630 CAL | 930 CAL<\/span><br \/>\n<strong>POULET <\/strong><span style=\"color: #ff9933;\"> 700 CAL | 1050 CAL<\/span><br \/>\n<strong>B\u0152UF <\/strong> <span style=\"color: #ff9933;\">720 CAL | 1070 CAL<\/span><\/p>\n<\/div><\/div><\/div><div class=\"fusion-layout-column fusion_builder_column fusion-builder-column-4 fusion_builder_column_1_1 1_1 fusion-flex-column\" style=\"--awb-bg-size:cover;--awb-width-large:100%;--awb-margin-top-large:15px;--awb-spacing-right-large:1.92%;--awb-margin-bottom-large:5%;--awb-spacing-left-large:1.92%;--awb-width-medium:100%;--awb-order-medium:0;--awb-spacing-right-medium:1.92%;--awb-spacing-left-medium:1.92%;--awb-width-small:100%;--awb-order-small:0;--awb-spacing-right-small:1.92%;--awb-spacing-left-small:1.92%;\"><div class=\"fusion-column-wrapper fusion-column-has-shadow fusion-flex-justify-content-flex-start fusion-content-layout-column\"><div class=\"fusion-image-element \" style=\"text-align:center;--awb-caption-title-font-family:var(--h2_typography-font-family);--awb-caption-title-font-weight:var(--h2_typography-font-weight);--awb-caption-title-font-style:var(--h2_typography-font-style);--awb-caption-title-size:var(--h2_typography-font-size);--awb-caption-title-transform:var(--h2_typography-text-transform);--awb-caption-title-line-height:var(--h2_typography-line-height);--awb-caption-title-letter-spacing:var(--h2_typography-letter-spacing);\"><span class=\" fusion-imageframe imageframe-none imageframe-6 hover-type-none\"><a class=\"fusion-no-lightbox\" href=\"\/wp-content\/uploads\/2022\/06\/VillaMadinaNutritional_APR2019_EN.pdf\" target=\"_self\" aria-label=\"Nutritional-Information-at-villa-madina-button_FR\"><img loading=\"lazy\" loading=\"lazy\" decoding=\"async\" width=\"500\" height=\"86\" src=\"https:\/\/villamadina.com\/wp-content\/uploads\/2023\/03\/Nutritional-Information-at-villa-madina-button_FR.png\" alt class=\"img-responsive wp-image-5793\" srcset=\"https:\/\/villamadina.com\/wp-content\/uploads\/2023\/03\/Nutritional-Information-at-villa-madina-button_FR-200x34.png 200w, https:\/\/villamadina.com\/wp-content\/uploads\/2023\/03\/Nutritional-Information-at-villa-madina-button_FR-400x69.png 400w, https:\/\/villamadina.com\/wp-content\/uploads\/2023\/03\/Nutritional-Information-at-villa-madina-button_FR.png 500w\" sizes=\"auto, (max-width: 1000px) 100vw, (max-width: 640px) 100vw, 500px\" \/><\/a><\/span><\/div><\/div><\/div><\/div><\/div>\n","protected":false},"excerpt":{"rendered":"","protected":false},"author":1,"featured_media":0,"parent":0,"menu_order":0,"comment_status":"closed","ping_status":"closed","template":"100-width.php","meta":{"_acf_changed":false,"footnotes":""},"class_list":["post-5724","page","type-page","status-publish","hentry"],"acf":[],"_links":{"self":[{"href":"https:\/\/villamadina.com\/fr\/wp-json\/wp\/v2\/pages\/5724","targetHints":{"allow":["GET"]}}],"collection":[{"href":"https:\/\/villamadina.com\/fr\/wp-json\/wp\/v2\/pages"}],"about":[{"href":"https:\/\/villamadina.com\/fr\/wp-json\/wp\/v2\/types\/page"}],"author":[{"embeddable":true,"href":"https:\/\/villamadina.com\/fr\/wp-json\/wp\/v2\/users\/1"}],"replies":[{"embeddable":true,"href":"https:\/\/villamadina.com\/fr\/wp-json\/wp\/v2\/comments?post=5724"}],"version-history":[{"count":0,"href":"https:\/\/villamadina.com\/fr\/wp-json\/wp\/v2\/pages\/5724\/revisions"}],"wp:attachment":[{"href":"https:\/\/villamadina.com\/fr\/wp-json\/wp\/v2\/media?parent=5724"}],"curies":[{"name":"wp","href":"https:\/\/api.w.org\/{rel}","templated":true}]}}