{"id":6648,"date":"2025-10-28T17:04:08","date_gmt":"2025-10-28T17:04:08","guid":{"rendered":"https:\/\/villamadina.com\/catering\/"},"modified":"2025-11-17T14:11:54","modified_gmt":"2025-11-17T14:11:54","slug":"catering","status":"publish","type":"page","link":"https:\/\/villamadina.com\/fr\/catering\/","title":{"rendered":"Catering"},"content":{"rendered":"\t\t<div data-elementor-type=\"wp-page\" data-elementor-id=\"6648\" class=\"elementor elementor-6648 elementor-6599\" data-elementor-post-type=\"page\">\n\t\t\t\t\t\t<section data-particle_enable=\"false\" data-particle-mobile-disabled=\"false\" class=\"elementor-section elementor-top-section elementor-element elementor-element-dc0f370 elementor-section-boxed elementor-section-height-default elementor-section-height-default\" data-id=\"dc0f370\" data-element_type=\"section\" data-settings=\"{&quot;background_background&quot;:&quot;classic&quot;}\">\n\t\t\t\t\t\t<div class=\"elementor-container elementor-column-gap-default\">\n\t\t\t\t\t<div class=\"elementor-column elementor-col-100 elementor-top-column elementor-element elementor-element-94ace97\" data-id=\"94ace97\" data-element_type=\"column\">\n\t\t\t<div class=\"elementor-widget-wrap elementor-element-populated\">\n\t\t\t\t\t\t<section data-particle_enable=\"false\" data-particle-mobile-disabled=\"false\" class=\"elementor-section elementor-inner-section elementor-element elementor-element-c222de3 elementor-section-content-middle elementor-section-boxed elementor-section-height-default elementor-section-height-default\" data-id=\"c222de3\" data-element_type=\"section\">\n\t\t\t\t\t\t<div class=\"elementor-container elementor-column-gap-default\">\n\t\t\t\t\t<div class=\"elementor-column elementor-col-50 elementor-inner-column elementor-element elementor-element-6ebeed0\" data-id=\"6ebeed0\" data-element_type=\"column\">\n\t\t\t<div class=\"elementor-widget-wrap elementor-element-populated\">\n\t\t\t\t\t\t<div class=\"elementor-element elementor-element-d7fcd62 elementor-widget__width-initial elementor-widget elementor-widget-image\" data-id=\"d7fcd62\" data-element_type=\"widget\" data-widget_type=\"image.default\">\n\t\t\t\t<div class=\"elementor-widget-container\">\n\t\t\t\t\t\t\t\t\t\t\t\t\t\t\t<img fetchpriority=\"high\" decoding=\"async\" width=\"1024\" height=\"455\" src=\"https:\/\/villamadina.com\/wp-content\/uploads\/2023\/02\/villa-madina-restaurant-1024x455.png\" class=\"attachment-large size-large wp-image-5276\" alt=\"\" srcset=\"https:\/\/villamadina.com\/wp-content\/uploads\/2023\/02\/villa-madina-restaurant-200x89.png 200w, https:\/\/villamadina.com\/wp-content\/uploads\/2023\/02\/villa-madina-restaurant-300x133.png 300w, https:\/\/villamadina.com\/wp-content\/uploads\/2023\/02\/villa-madina-restaurant-400x178.png 400w, https:\/\/villamadina.com\/wp-content\/uploads\/2023\/02\/villa-madina-restaurant-600x267.png 600w, https:\/\/villamadina.com\/wp-content\/uploads\/2023\/02\/villa-madina-restaurant-768x342.png 768w, https:\/\/villamadina.com\/wp-content\/uploads\/2023\/02\/villa-madina-restaurant-800x356.png 800w, https:\/\/villamadina.com\/wp-content\/uploads\/2023\/02\/villa-madina-restaurant-1024x455.png 1024w, https:\/\/villamadina.com\/wp-content\/uploads\/2023\/02\/villa-madina-restaurant-1200x534.png 1200w, https:\/\/villamadina.com\/wp-content\/uploads\/2023\/02\/villa-madina-restaurant.png 1500w\" sizes=\"(max-width: 1024px) 100vw, 1024px\" \/>\t\t\t\t\t\t\t\t\t\t\t\t\t\t\t<\/div>\n\t\t\t\t<\/div>\n\t\t\t\t\t<\/div>\n\t\t<\/div>\n\t\t\t\t<div class=\"elementor-column elementor-col-50 elementor-inner-column elementor-element elementor-element-95c361c\" data-id=\"95c361c\" data-element_type=\"column\">\n\t\t\t<div class=\"elementor-widget-wrap elementor-element-populated\">\n\t\t\t\t\t\t<div class=\"elementor-element elementor-element-f678011 elementor-nav-menu--dropdown-tablet elementor-nav-menu__text-align-aside elementor-nav-menu--toggle elementor-nav-menu--burger elementor-widget elementor-widget-nav-menu\" data-id=\"f678011\" data-element_type=\"widget\" data-settings=\"{&quot;layout&quot;:&quot;horizontal&quot;,&quot;submenu_icon&quot;:{&quot;value&quot;:&quot;&lt;i class=\\&quot;fas fa-caret-down\\&quot; aria-hidden=\\&quot;true\\&quot;&gt;&lt;\\\/i&gt;&quot;,&quot;library&quot;:&quot;fa-solid&quot;},&quot;toggle&quot;:&quot;burger&quot;}\" data-widget_type=\"nav-menu.default\">\n\t\t\t\t<div class=\"elementor-widget-container\">\n\t\t\t\t\t\t\t\t<nav aria-label=\"Menu\" class=\"elementor-nav-menu--main elementor-nav-menu__container elementor-nav-menu--layout-horizontal e--pointer-underline e--animation-fade\">\n\t\t\t\t<ul id=\"menu-1-f678011\" class=\"elementor-nav-menu\"><li class=\"menu-item menu-item-type-custom menu-item-object-custom menu-item-6559\"><a href=\"https:\/\/villamadina.order-online.ai\/fr\/#\/\" class=\"elementor-item elementor-item-anchor\">MENU<\/a><\/li>\n<li class=\"menu-item menu-item-type-post_type menu-item-object-page menu-item-6684\"><a href=\"https:\/\/villamadina.com\/fr\/catering\/\" class=\"elementor-item\">TRAITEUR<\/a><\/li>\n<li class=\"menu-item menu-item-type-post_type menu-item-object-page menu-item-5694\"><a href=\"https:\/\/villamadina.com\/fr\/trouve-nous\/\" class=\"elementor-item\">TROUVE NOUS<\/a><\/li>\n<li class=\"menu-item menu-item-type-post_type menu-item-object-page menu-item-5692\"><a href=\"https:\/\/villamadina.com\/fr\/franchises\/\" class=\"elementor-item\">FRANCHISES<\/a><\/li>\n<li class=\"menu-item menu-item-type-custom menu-item-object-custom menu-item-5696\"><a href=\"https:\/\/loyalty.villamadina.com\/fr\" class=\"elementor-item\">RECOMPENSES<\/a><\/li>\n<li class=\"menu-item menu-item-type-custom menu-item-object-custom menu-item-5892\"><a href=\"https:\/\/giftcards.villamadina.com\/fr\" class=\"elementor-item\">CADEAU<\/a><\/li>\n<li class=\"menu-item menu-item-type-post_type menu-item-object-page menu-item-5691\"><a href=\"https:\/\/villamadina.com\/fr\/contact\/\" class=\"elementor-item\">CONTACT<\/a><\/li>\n<li class=\"order-btn menu-item menu-item-type-custom menu-item-object-custom menu-item-5695\"><a href=\"https:\/\/villamadina.order-online.ai\/fr\/#\/\" class=\"elementor-item elementor-item-anchor\">COMMANDER<\/a><\/li>\n<li class=\"menu-item wpml-ls-slot-36 wpml-ls-item wpml-ls-item-en wpml-ls-menu-item wpml-ls-first-item wpml-ls-last-item menu-item-type-wpml_ls_menu_item menu-item-object-wpml_ls_menu_item menu-item-wpml-ls-36-en\"><a href=\"https:\/\/villamadina.com\/\" title=\"Passer \u00e0 EN\" class=\"wpml-ls-link elementor-item\"><span class=\"wpml-ls-native\" lang=\"en\">EN<\/span><\/a><\/li>\n<\/ul>\t\t\t<\/nav>\n\t\t\t\t\t<div class=\"elementor-menu-toggle\" role=\"button\" tabindex=\"0\" aria-label=\"Permuter le menu\" aria-expanded=\"false\">\n\t\t\t<i aria-hidden=\"true\" role=\"presentation\" class=\"elementor-menu-toggle__icon--open eicon-menu-bar\"><\/i><i aria-hidden=\"true\" role=\"presentation\" class=\"elementor-menu-toggle__icon--close eicon-close\"><\/i>\t\t<\/div>\n\t\t\t\t\t<nav class=\"elementor-nav-menu--dropdown elementor-nav-menu__container\" aria-hidden=\"true\">\n\t\t\t\t<ul id=\"menu-2-f678011\" class=\"elementor-nav-menu\"><li class=\"menu-item menu-item-type-custom menu-item-object-custom menu-item-6559\"><a href=\"https:\/\/villamadina.order-online.ai\/fr\/#\/\" class=\"elementor-item elementor-item-anchor\" tabindex=\"-1\">MENU<\/a><\/li>\n<li class=\"menu-item menu-item-type-post_type menu-item-object-page menu-item-6684\"><a href=\"https:\/\/villamadina.com\/fr\/catering\/\" class=\"elementor-item\" tabindex=\"-1\">TRAITEUR<\/a><\/li>\n<li class=\"menu-item menu-item-type-post_type menu-item-object-page menu-item-5694\"><a href=\"https:\/\/villamadina.com\/fr\/trouve-nous\/\" class=\"elementor-item\" tabindex=\"-1\">TROUVE NOUS<\/a><\/li>\n<li class=\"menu-item menu-item-type-post_type menu-item-object-page menu-item-5692\"><a href=\"https:\/\/villamadina.com\/fr\/franchises\/\" class=\"elementor-item\" tabindex=\"-1\">FRANCHISES<\/a><\/li>\n<li class=\"menu-item menu-item-type-custom menu-item-object-custom menu-item-5696\"><a href=\"https:\/\/loyalty.villamadina.com\/fr\" class=\"elementor-item\" tabindex=\"-1\">RECOMPENSES<\/a><\/li>\n<li class=\"menu-item menu-item-type-custom menu-item-object-custom menu-item-5892\"><a href=\"https:\/\/giftcards.villamadina.com\/fr\" class=\"elementor-item\" tabindex=\"-1\">CADEAU<\/a><\/li>\n<li class=\"menu-item menu-item-type-post_type menu-item-object-page menu-item-5691\"><a href=\"https:\/\/villamadina.com\/fr\/contact\/\" class=\"elementor-item\" tabindex=\"-1\">CONTACT<\/a><\/li>\n<li class=\"order-btn menu-item menu-item-type-custom menu-item-object-custom menu-item-5695\"><a href=\"https:\/\/villamadina.order-online.ai\/fr\/#\/\" class=\"elementor-item elementor-item-anchor\" tabindex=\"-1\">COMMANDER<\/a><\/li>\n<li class=\"menu-item wpml-ls-slot-36 wpml-ls-item wpml-ls-item-en wpml-ls-menu-item wpml-ls-first-item wpml-ls-last-item menu-item-type-wpml_ls_menu_item menu-item-object-wpml_ls_menu_item menu-item-wpml-ls-36-en\"><a href=\"https:\/\/villamadina.com\/\" title=\"Passer \u00e0 EN\" class=\"wpml-ls-link elementor-item\" tabindex=\"-1\"><span class=\"wpml-ls-native\" lang=\"en\">EN<\/span><\/a><\/li>\n<\/ul>\t\t\t<\/nav>\n\t\t\t\t\t\t<\/div>\n\t\t\t\t<\/div>\n\t\t\t\t\t<\/div>\n\t\t<\/div>\n\t\t\t\t\t<\/div>\n\t\t<\/section>\n\t\t\t\t\t<\/div>\n\t\t<\/div>\n\t\t\t\t\t<\/div>\n\t\t<\/section>\n\t\t\t\t<section data-particle_enable=\"false\" data-particle-mobile-disabled=\"false\" class=\"elementor-section elementor-top-section elementor-element elementor-element-52d6d480 elementor-section-full_width elementor-section-height-default elementor-section-height-default\" data-id=\"52d6d480\" data-element_type=\"section\" data-settings=\"{&quot;background_background&quot;:&quot;classic&quot;}\">\n\t\t\t\t\t\t<div class=\"elementor-container elementor-column-gap-no\">\n\t\t\t\t\t<div class=\"elementor-column elementor-col-100 elementor-top-column elementor-element elementor-element-79bfdb75\" data-id=\"79bfdb75\" data-element_type=\"column\" data-settings=\"{&quot;background_background&quot;:&quot;classic&quot;}\">\n\t\t\t<div class=\"elementor-widget-wrap elementor-element-populated\">\n\t\t\t\t\t\t<section data-particle_enable=\"false\" data-particle-mobile-disabled=\"false\" class=\"elementor-section elementor-inner-section elementor-element elementor-element-3febc147 elementor-section-boxed elementor-section-height-default elementor-section-height-default\" data-id=\"3febc147\" data-element_type=\"section\" data-settings=\"{&quot;background_background&quot;:&quot;classic&quot;}\">\n\t\t\t\t\t\t\t<div class=\"elementor-background-overlay\"><\/div>\n\t\t\t\t\t\t\t<div class=\"elementor-container elementor-column-gap-default\">\n\t\t\t\t\t<div class=\"elementor-column elementor-col-33 elementor-inner-column elementor-element elementor-element-688e4765\" data-id=\"688e4765\" data-element_type=\"column\">\n\t\t\t<div class=\"elementor-widget-wrap\">\n\t\t\t\t\t\t\t<\/div>\n\t\t<\/div>\n\t\t\t\t<div class=\"elementor-column elementor-col-33 elementor-inner-column elementor-element elementor-element-23d14430\" data-id=\"23d14430\" data-element_type=\"column\" data-settings=\"{&quot;background_background&quot;:&quot;classic&quot;}\">\n\t\t\t<div class=\"elementor-widget-wrap elementor-element-populated\">\n\t\t\t\t\t\t<div class=\"elementor-element elementor-element-2d635df0 elementor-widget elementor-widget-text-editor\" data-id=\"2d635df0\" data-element_type=\"widget\" data-widget_type=\"text-editor.default\">\n\t\t\t\t<div class=\"elementor-widget-container\">\n\t\t\t\t\t\t\t\t\t<p>Villa Madina apporte les saveurs riches et vibrantes du Moyen-Orient \u00e0 votre prochaine r\u00e9union gr\u00e2ce \u00e0 notre nouveau menu traiteur. Con\u00e7ues pour les groupes de six personnes ou plus, nos cinq options de restauration comprennent des s\u00e9lections de menus uniques, mettant en vedette des ingr\u00e9dients frais, des saveurs authentiques et des variations audacieuses et modernes de plats classiques. De notre shawarma cuit lentement \u00e0 nos salades et accompagnements croquants pr\u00e9par\u00e9s chaque jour, chaque plat refl\u00e8te notre engagement envers la qualit\u00e9 et la satisfaction de nos clients.<\/p>\t\t\t\t\t\t\t\t<\/div>\n\t\t\t\t<\/div>\n\t\t\t\t<div class=\"elementor-element elementor-element-6bae7dec elementor-widget elementor-widget-text-editor\" data-id=\"6bae7dec\" data-element_type=\"widget\" data-widget_type=\"text-editor.default\">\n\t\t\t\t<div class=\"elementor-widget-container\">\n\t\t\t\t\t\t\t\t\tParfait pour les c\u00e9l\u00e9brations personnelles, les \u00e9v\u00e9nements corporatifs ou les rassemblements festifs du temps des F\u00eates, notre menu traiteur est enti\u00e8rement certifi\u00e9 Halal \u2014 pour que vous puissiez en profiter facilement pendant la saison des F\u00eates et \u00e0 chaque occasion sp\u00e9ciale.\n\t\t\t\t\t\t\t\t<\/div>\n\t\t\t\t<\/div>\n\t\t\t\t<div class=\"elementor-element elementor-element-799b72e3 elementor-widget elementor-widget-text-editor\" data-id=\"799b72e3\" data-element_type=\"widget\" data-widget_type=\"text-editor.default\">\n\t\t\t\t<div class=\"elementor-widget-container\">\n\t\t\t\t\t\t\t\t\t<div>Veuillez passer vos commandes de restauration au moins 24 heures \u00e0 l&rsquo;avance.<\/div>\t\t\t\t\t\t\t\t<\/div>\n\t\t\t\t<\/div>\n\t\t\t\t\t<\/div>\n\t\t<\/div>\n\t\t\t\t<div class=\"elementor-column elementor-col-33 elementor-inner-column elementor-element elementor-element-3de733 elementor-hidden-mobile\" data-id=\"3de733\" data-element_type=\"column\">\n\t\t\t<div class=\"elementor-widget-wrap\">\n\t\t\t\t\t\t\t<\/div>\n\t\t<\/div>\n\t\t\t\t\t<\/div>\n\t\t<\/section>\n\t\t\t\t<section data-particle_enable=\"false\" data-particle-mobile-disabled=\"false\" class=\"elementor-section elementor-inner-section elementor-element elementor-element-2abf6da3 elementor-section-boxed elementor-section-height-default elementor-section-height-default\" data-id=\"2abf6da3\" data-element_type=\"section\">\n\t\t\t\t\t\t<div class=\"elementor-container elementor-column-gap-default\">\n\t\t\t\t\t<div class=\"elementor-column elementor-col-25 elementor-inner-column elementor-element elementor-element-128c16d9 elementor-hidden-mobile\" data-id=\"128c16d9\" data-element_type=\"column\">\n\t\t\t<div class=\"elementor-widget-wrap\">\n\t\t\t\t\t\t\t<\/div>\n\t\t<\/div>\n\t\t\t\t<div class=\"elementor-column elementor-col-25 elementor-inner-column elementor-element elementor-element-6ad769e\" data-id=\"6ad769e\" data-element_type=\"column\" data-settings=\"{&quot;background_background&quot;:&quot;classic&quot;}\">\n\t\t\t<div class=\"elementor-widget-wrap elementor-element-populated\">\n\t\t\t\t\t<div class=\"elementor-background-overlay\"><\/div>\n\t\t\t\t\t\t<div class=\"elementor-element elementor-element-635d4e28 elementor-align-center elementor-mobile-align-justify elementor-widget-mobile__width-initial elementor-widget elementor-widget-button\" data-id=\"635d4e28\" data-element_type=\"widget\" data-widget_type=\"button.default\">\n\t\t\t\t<div class=\"elementor-widget-container\">\n\t\t\t\t\t\t\t\t\t<div class=\"elementor-button-wrapper\">\n\t\t\t\t\t<a class=\"elementor-button elementor-button-link elementor-size-md\" href=\"https:\/\/villamadina.com\/fr\/trouve-nous\/\">\n\t\t\t\t\t\t<span class=\"elementor-button-content-wrapper\">\n\t\t\t\t\t\t\t\t\t<span class=\"elementor-button-text\">TROUVER UN EMPLACEMENT<\/span>\n\t\t\t\t\t<\/span>\n\t\t\t\t\t<\/a>\n\t\t\t\t<\/div>\n\t\t\t\t\t\t\t\t<\/div>\n\t\t\t\t<\/div>\n\t\t\t\t<div class=\"elementor-element elementor-element-1e8b260b elementor-widget elementor-widget-spacer\" data-id=\"1e8b260b\" data-element_type=\"widget\" data-widget_type=\"spacer.default\">\n\t\t\t\t<div class=\"elementor-widget-container\">\n\t\t\t\t\t\t\t<div class=\"elementor-spacer\">\n\t\t\t<div class=\"elementor-spacer-inner\"><\/div>\n\t\t<\/div>\n\t\t\t\t\t\t<\/div>\n\t\t\t\t<\/div>\n\t\t\t\t\t<\/div>\n\t\t<\/div>\n\t\t\t\t<div class=\"elementor-column elementor-col-25 elementor-inner-column elementor-element elementor-element-57b0b055\" data-id=\"57b0b055\" data-element_type=\"column\" data-settings=\"{&quot;background_background&quot;:&quot;classic&quot;}\">\n\t\t\t<div class=\"elementor-widget-wrap elementor-element-populated\">\n\t\t\t\t\t<div class=\"elementor-background-overlay\"><\/div>\n\t\t\t\t\t\t<div class=\"elementor-element elementor-element-5e0c1507 elementor-align-center elementor-mobile-align-justify elementor-widget-mobile__width-initial elementor-widget elementor-widget-button\" data-id=\"5e0c1507\" data-element_type=\"widget\" data-widget_type=\"button.default\">\n\t\t\t\t<div class=\"elementor-widget-container\">\n\t\t\t\t\t\t\t\t\t<div class=\"elementor-button-wrapper\">\n\t\t\t\t\t<a class=\"elementor-button elementor-button-link elementor-size-md\" href=\"https:\/\/villamadina.order-online.ai\/en\/#\/\" target=\"_blank\">\n\t\t\t\t\t\t<span class=\"elementor-button-content-wrapper\">\n\t\t\t\t\t\t\t\t\t<span class=\"elementor-button-text\">COMMANDEZ MAINTENANT<\/span>\n\t\t\t\t\t<\/span>\n\t\t\t\t\t<\/a>\n\t\t\t\t<\/div>\n\t\t\t\t\t\t\t\t<\/div>\n\t\t\t\t<\/div>\n\t\t\t\t<div class=\"elementor-element elementor-element-2bb23dbb elementor-widget elementor-widget-spacer\" data-id=\"2bb23dbb\" data-element_type=\"widget\" data-widget_type=\"spacer.default\">\n\t\t\t\t<div class=\"elementor-widget-container\">\n\t\t\t\t\t\t\t<div class=\"elementor-spacer\">\n\t\t\t<div class=\"elementor-spacer-inner\"><\/div>\n\t\t<\/div>\n\t\t\t\t\t\t<\/div>\n\t\t\t\t<\/div>\n\t\t\t\t\t<\/div>\n\t\t<\/div>\n\t\t\t\t<div class=\"elementor-column elementor-col-25 elementor-inner-column elementor-element elementor-element-436f9f36 elementor-hidden-mobile\" data-id=\"436f9f36\" data-element_type=\"column\">\n\t\t\t<div class=\"elementor-widget-wrap\">\n\t\t\t\t\t\t\t<\/div>\n\t\t<\/div>\n\t\t\t\t\t<\/div>\n\t\t<\/section>\n\t\t\t\t\t<\/div>\n\t\t<\/div>\n\t\t\t\t\t<\/div>\n\t\t<\/section>\n\t\t\t\t<section data-particle_enable=\"false\" data-particle-mobile-disabled=\"false\" class=\"elementor-section elementor-top-section elementor-element elementor-element-f7c6422 elementor-section-boxed elementor-section-height-default elementor-section-height-default\" data-id=\"f7c6422\" data-element_type=\"section\" data-settings=\"{&quot;background_background&quot;:&quot;classic&quot;}\">\n\t\t\t\t\t\t\t<div class=\"elementor-background-overlay\"><\/div>\n\t\t\t\t\t\t\t<div class=\"elementor-container elementor-column-gap-default\">\n\t\t\t\t\t<div class=\"elementor-column elementor-col-100 elementor-top-column elementor-element elementor-element-84ca3dd\" data-id=\"84ca3dd\" data-element_type=\"column\">\n\t\t\t<div class=\"elementor-widget-wrap elementor-element-populated\">\n\t\t\t\t\t\t<section data-particle_enable=\"false\" data-particle-mobile-disabled=\"false\" class=\"elementor-section elementor-inner-section elementor-element elementor-element-c55b016 elementor-section-boxed elementor-section-height-default elementor-section-height-default\" data-id=\"c55b016\" data-element_type=\"section\">\n\t\t\t\t\t\t<div class=\"elementor-container elementor-column-gap-default\">\n\t\t\t\t\t<div class=\"elementor-column elementor-col-50 elementor-inner-column elementor-element elementor-element-a751254\" data-id=\"a751254\" data-element_type=\"column\">\n\t\t\t<div class=\"elementor-widget-wrap elementor-element-populated\">\n\t\t\t\t\t\t<div class=\"elementor-element elementor-element-3a17f29 elementor-widget elementor-widget-image\" data-id=\"3a17f29\" data-element_type=\"widget\" data-widget_type=\"image.default\">\n\t\t\t\t<div class=\"elementor-widget-container\">\n\t\t\t\t\t\t\t\t\t\t\t\t\t\t\t<img decoding=\"async\" width=\"800\" height=\"356\" src=\"https:\/\/villamadina.com\/wp-content\/uploads\/2023\/02\/villa-madina-restaurant-800x356-1.png\" class=\"attachment-large size-large wp-image-5268\" alt=\"\" srcset=\"https:\/\/villamadina.com\/wp-content\/uploads\/2023\/02\/villa-madina-restaurant-800x356-1-200x89.png 200w, https:\/\/villamadina.com\/wp-content\/uploads\/2023\/02\/villa-madina-restaurant-800x356-1-300x134.png 300w, https:\/\/villamadina.com\/wp-content\/uploads\/2023\/02\/villa-madina-restaurant-800x356-1-400x178.png 400w, https:\/\/villamadina.com\/wp-content\/uploads\/2023\/02\/villa-madina-restaurant-800x356-1-600x267.png 600w, https:\/\/villamadina.com\/wp-content\/uploads\/2023\/02\/villa-madina-restaurant-800x356-1-768x342.png 768w, https:\/\/villamadina.com\/wp-content\/uploads\/2023\/02\/villa-madina-restaurant-800x356-1.png 800w\" sizes=\"(max-width: 800px) 100vw, 800px\" \/>\t\t\t\t\t\t\t\t\t\t\t\t\t\t\t<\/div>\n\t\t\t\t<\/div>\n\t\t\t\t<div class=\"elementor-element elementor-element-347588a elementor-shape-rounded elementor-grid-0 e-grid-align-center elementor-widget elementor-widget-social-icons\" data-id=\"347588a\" data-element_type=\"widget\" data-widget_type=\"social-icons.default\">\n\t\t\t\t<div class=\"elementor-widget-container\">\n\t\t\t\t\t\t\t<div class=\"elementor-social-icons-wrapper elementor-grid\" role=\"list\">\n\t\t\t\t\t\t\t<span class=\"elementor-grid-item\" role=\"listitem\">\n\t\t\t\t\t<a class=\"elementor-icon elementor-social-icon elementor-social-icon-facebook elementor-repeater-item-193c3f7\" href=\"https:\/\/www.instagram.com\/villamadina\/\" target=\"_blank\">\n\t\t\t\t\t\t<span class=\"elementor-screen-only\">Facebook<\/span>\n\t\t\t\t\t\t<i aria-hidden=\"true\" class=\"fab fa-facebook\"><\/i>\t\t\t\t\t<\/a>\n\t\t\t\t<\/span>\n\t\t\t\t\t\t\t<span class=\"elementor-grid-item\" role=\"listitem\">\n\t\t\t\t\t<a class=\"elementor-icon elementor-social-icon elementor-social-icon-instagram elementor-repeater-item-788b54a\" target=\"_blank\">\n\t\t\t\t\t\t<span class=\"elementor-screen-only\">Instagram<\/span>\n\t\t\t\t\t\t<i aria-hidden=\"true\" class=\"fab fa-instagram\"><\/i>\t\t\t\t\t<\/a>\n\t\t\t\t<\/span>\n\t\t\t\t\t<\/div>\n\t\t\t\t\t\t<\/div>\n\t\t\t\t<\/div>\n\t\t\t\t\t<\/div>\n\t\t<\/div>\n\t\t\t\t<div class=\"elementor-column elementor-col-50 elementor-inner-column elementor-element elementor-element-26cf85d\" data-id=\"26cf85d\" data-element_type=\"column\">\n\t\t\t<div class=\"elementor-widget-wrap elementor-element-populated\">\n\t\t\t\t\t\t<div class=\"elementor-element elementor-element-18ffad0 elementor-widget elementor-widget-heading\" data-id=\"18ffad0\" data-element_type=\"widget\" data-widget_type=\"heading.default\">\n\t\t\t\t<div class=\"elementor-widget-container\">\n\t\t\t\t\t<h2 class=\"elementor-heading-title elementor-size-default\">SUIVEZ-NOUS SUR INSTAGRAM<\/h2>\t\t\t\t<\/div>\n\t\t\t\t<\/div>\n\t\t\t\t<div class=\"elementor-element elementor-element-e89d20b elementor-widget elementor-widget-text-editor\" data-id=\"e89d20b\" data-element_type=\"widget\" data-widget_type=\"text-editor.default\">\n\t\t\t\t<div class=\"elementor-widget-container\">\n\t\t\t\t\t\t\t\t\t<span style=\"color: #ffffff;\"><a style=\"color: #ffffff;\" href=\"https:\/\/mtygroup.com\/fr\/terms-conditions\/\" target=\"_blank\" rel=\"noopener\">Conditions g\u00e9n\u00e9rales<\/a> | <a style=\"color: #ffffff;\" href=\"https:\/\/mtygroup.com\/fr\/privacy-policy\/\" target=\"_blank\" rel=\"noopener\">Politique de confidentialit\u00e9 <\/a> | <a style=\"color: #ffffff;\" href=\"https:\/\/villamadina.com\/wp-content\/uploads\/2024\/12\/Accessibility_Policy_and_Plan_EN_2024.pdf\">Politique d&rsquo;accessibilit\u00e9<\/a> | <a style=\"color: #ffffff;\" href=\"https:\/\/villamadina.com\/wp-content\/uploads\/2025\/10\/VILLA-MADINA_nutritional_guide_07.28.25.pdf\">Nutritionals &amp; Allergens<\/a><\/span>\t\t\t\t\t\t\t\t<\/div>\n\t\t\t\t<\/div>\n\t\t\t\t\t<\/div>\n\t\t<\/div>\n\t\t\t\t\t<\/div>\n\t\t<\/section>\n\t\t\t\t\t<\/div>\n\t\t<\/div>\n\t\t\t\t\t<\/div>\n\t\t<\/section>\n\t\t\t\t<\/div>\n\t\t","protected":false},"excerpt":{"rendered":"<p>Villa Madina apporte les saveurs riches et vibrantes du Moyen-Orient \u00e0 votre prochaine r\u00e9union gr\u00e2ce \u00e0 notre nouveau menu traiteur. Con\u00e7ues pour les groupes de six personnes ou plus, nos cinq options de restauration comprennent des s\u00e9lections de menus uniques, mettant en vedette des ingr\u00e9dients frais, des saveurs authentiques et des variations audacieuses et modernes de plats classiques. De notre shawarma cuit lentement \u00e0 nos salades et accompagnements croquants pr\u00e9par\u00e9s chaque jour, chaque plat refl\u00e8te notre engagement envers la qualit\u00e9  [&#8230;]<\/p>\n","protected":false},"author":1,"featured_media":0,"parent":0,"menu_order":0,"comment_status":"closed","ping_status":"closed","template":"elementor_canvas","meta":{"_acf_changed":false,"footnotes":""},"class_list":["post-6648","page","type-page","status-publish","hentry"],"acf":[],"_links":{"self":[{"href":"https:\/\/villamadina.com\/fr\/wp-json\/wp\/v2\/pages\/6648","targetHints":{"allow":["GET"]}}],"collection":[{"href":"https:\/\/villamadina.com\/fr\/wp-json\/wp\/v2\/pages"}],"about":[{"href":"https:\/\/villamadina.com\/fr\/wp-json\/wp\/v2\/types\/page"}],"author":[{"embeddable":true,"href":"https:\/\/villamadina.com\/fr\/wp-json\/wp\/v2\/users\/1"}],"replies":[{"embeddable":true,"href":"https:\/\/villamadina.com\/fr\/wp-json\/wp\/v2\/comments?post=6648"}],"version-history":[{"count":0,"href":"https:\/\/villamadina.com\/fr\/wp-json\/wp\/v2\/pages\/6648\/revisions"}],"wp:attachment":[{"href":"https:\/\/villamadina.com\/fr\/wp-json\/wp\/v2\/media?parent=6648"}],"curies":[{"name":"wp","href":"https:\/\/api.w.org\/{rel}","templated":true}]}}