{"id":6752,"date":"2026-01-27T19:28:27","date_gmt":"2026-01-27T19:28:27","guid":{"rendered":"https:\/\/villamadina.com\/crispyshawarma\/"},"modified":"2026-01-27T19:59:02","modified_gmt":"2026-01-27T19:59:02","slug":"crispyshawarma","status":"publish","type":"page","link":"https:\/\/villamadina.com\/fr\/crispyshawarma\/","title":{"rendered":"crispyshawarma"},"content":{"rendered":"\t\t<div data-elementor-type=\"wp-page\" data-elementor-id=\"6752\" class=\"elementor elementor-6752 elementor-6723\" data-elementor-post-type=\"page\">\n\t\t\t\t\t\t<section data-particle_enable=\"false\" data-particle-mobile-disabled=\"false\" class=\"elementor-section elementor-top-section elementor-element elementor-element-417af2f elementor-section-stretched elementor-section-boxed elementor-section-height-default elementor-section-height-default\" data-id=\"417af2f\" data-element_type=\"section\" data-settings=\"{&quot;stretch_section&quot;:&quot;section-stretched&quot;}\">\n\t\t\t\t\t\t\t<div class=\"elementor-background-overlay\"><\/div>\n\t\t\t\t\t\t\t<div class=\"elementor-container elementor-column-gap-default\">\n\t\t\t\t\t<div class=\"elementor-column elementor-col-100 elementor-top-column elementor-element elementor-element-01e8a3a\" data-id=\"01e8a3a\" data-element_type=\"column\">\n\t\t\t<div class=\"elementor-widget-wrap elementor-element-populated\">\n\t\t\t\t\t\t<section data-particle_enable=\"false\" data-particle-mobile-disabled=\"false\" class=\"elementor-section elementor-inner-section elementor-element elementor-element-fd543ba elementor-section-full_width elementor-section-height-default elementor-section-height-default\" data-id=\"fd543ba\" data-element_type=\"section\">\n\t\t\t\t\t\t<div class=\"elementor-container elementor-column-gap-default\">\n\t\t\t\t\t<div class=\"elementor-column elementor-col-50 elementor-inner-column elementor-element elementor-element-2bdfec0\" data-id=\"2bdfec0\" data-element_type=\"column\">\n\t\t\t<div class=\"elementor-widget-wrap elementor-element-populated\">\n\t\t\t\t\t\t<div class=\"elementor-element elementor-element-27af71d elementor-widget elementor-widget-image\" data-id=\"27af71d\" data-element_type=\"widget\" data-widget_type=\"image.default\">\n\t\t\t\t<div class=\"elementor-widget-container\">\n\t\t\t\t\t\t\t\t\t\t\t\t\t\t\t<img fetchpriority=\"high\" decoding=\"async\" width=\"1024\" height=\"455\" src=\"https:\/\/villamadina.com\/wp-content\/uploads\/2023\/02\/villa-madina-restaurant-1024x455.png\" class=\"attachment-large size-large wp-image-5276\" alt=\"\" srcset=\"https:\/\/villamadina.com\/wp-content\/uploads\/2023\/02\/villa-madina-restaurant-200x89.png 200w, https:\/\/villamadina.com\/wp-content\/uploads\/2023\/02\/villa-madina-restaurant-300x133.png 300w, https:\/\/villamadina.com\/wp-content\/uploads\/2023\/02\/villa-madina-restaurant-400x178.png 400w, https:\/\/villamadina.com\/wp-content\/uploads\/2023\/02\/villa-madina-restaurant-600x267.png 600w, https:\/\/villamadina.com\/wp-content\/uploads\/2023\/02\/villa-madina-restaurant-768x342.png 768w, https:\/\/villamadina.com\/wp-content\/uploads\/2023\/02\/villa-madina-restaurant-800x356.png 800w, https:\/\/villamadina.com\/wp-content\/uploads\/2023\/02\/villa-madina-restaurant-1024x455.png 1024w, https:\/\/villamadina.com\/wp-content\/uploads\/2023\/02\/villa-madina-restaurant-1200x534.png 1200w, https:\/\/villamadina.com\/wp-content\/uploads\/2023\/02\/villa-madina-restaurant.png 1500w\" sizes=\"(max-width: 1024px) 100vw, 1024px\" \/>\t\t\t\t\t\t\t\t\t\t\t\t\t\t\t<\/div>\n\t\t\t\t<\/div>\n\t\t\t\t\t<\/div>\n\t\t<\/div>\n\t\t\t\t<div class=\"elementor-column elementor-col-50 elementor-inner-column elementor-element elementor-element-41d7925\" data-id=\"41d7925\" data-element_type=\"column\">\n\t\t\t<div class=\"elementor-widget-wrap elementor-element-populated\">\n\t\t\t\t\t\t<div class=\"elementor-element elementor-element-5f42aa9 elementor-nav-menu__align-center elementor-nav-menu--dropdown-tablet elementor-nav-menu__text-align-aside elementor-nav-menu--toggle elementor-nav-menu--burger elementor-widget elementor-widget-nav-menu\" data-id=\"5f42aa9\" data-element_type=\"widget\" data-settings=\"{&quot;layout&quot;:&quot;horizontal&quot;,&quot;submenu_icon&quot;:{&quot;value&quot;:&quot;&lt;i class=\\&quot;fas fa-caret-down\\&quot; aria-hidden=\\&quot;true\\&quot;&gt;&lt;\\\/i&gt;&quot;,&quot;library&quot;:&quot;fa-solid&quot;},&quot;toggle&quot;:&quot;burger&quot;}\" data-widget_type=\"nav-menu.default\">\n\t\t\t\t<div class=\"elementor-widget-container\">\n\t\t\t\t\t\t\t\t<nav aria-label=\"Menu\" class=\"elementor-nav-menu--main elementor-nav-menu__container elementor-nav-menu--layout-horizontal e--pointer-underline e--animation-fade\">\n\t\t\t\t<ul id=\"menu-1-5f42aa9\" class=\"elementor-nav-menu\"><li class=\"menu-item menu-item-type-custom menu-item-object-custom menu-item-6559\"><a href=\"https:\/\/villamadina.order-online.ai\/fr\/#\/\" class=\"elementor-item elementor-item-anchor\">MENU<\/a><\/li>\n<li class=\"menu-item menu-item-type-post_type menu-item-object-page menu-item-6684\"><a href=\"https:\/\/villamadina.com\/fr\/catering\/\" class=\"elementor-item\">TRAITEUR<\/a><\/li>\n<li class=\"menu-item menu-item-type-post_type menu-item-object-page menu-item-5694\"><a href=\"https:\/\/villamadina.com\/fr\/trouve-nous\/\" class=\"elementor-item\">TROUVE NOUS<\/a><\/li>\n<li class=\"menu-item menu-item-type-post_type menu-item-object-page menu-item-5692\"><a href=\"https:\/\/villamadina.com\/fr\/franchises\/\" class=\"elementor-item\">FRANCHISES<\/a><\/li>\n<li class=\"menu-item menu-item-type-custom menu-item-object-custom menu-item-5696\"><a href=\"https:\/\/loyalty.villamadina.com\/fr\" class=\"elementor-item\">RECOMPENSES<\/a><\/li>\n<li class=\"menu-item menu-item-type-custom menu-item-object-custom menu-item-5892\"><a href=\"https:\/\/giftcards.villamadina.com\/fr\" class=\"elementor-item\">CADEAU<\/a><\/li>\n<li class=\"menu-item menu-item-type-post_type menu-item-object-page menu-item-5691\"><a href=\"https:\/\/villamadina.com\/fr\/contact\/\" class=\"elementor-item\">CONTACT<\/a><\/li>\n<li class=\"order-btn menu-item menu-item-type-custom menu-item-object-custom menu-item-5695\"><a href=\"https:\/\/villamadina.order-online.ai\/fr\/#\/\" class=\"elementor-item elementor-item-anchor\">COMMANDER<\/a><\/li>\n<li class=\"menu-item wpml-ls-slot-36 wpml-ls-item wpml-ls-item-en wpml-ls-menu-item wpml-ls-first-item wpml-ls-last-item menu-item-type-wpml_ls_menu_item menu-item-object-wpml_ls_menu_item menu-item-wpml-ls-36-en\"><a href=\"https:\/\/villamadina.com\/\" title=\"Passer \u00e0 EN\" class=\"wpml-ls-link elementor-item\"><span class=\"wpml-ls-native\" lang=\"en\">EN<\/span><\/a><\/li>\n<\/ul>\t\t\t<\/nav>\n\t\t\t\t\t<div class=\"elementor-menu-toggle\" role=\"button\" tabindex=\"0\" aria-label=\"Permuter le menu\" aria-expanded=\"false\">\n\t\t\t<i aria-hidden=\"true\" role=\"presentation\" class=\"elementor-menu-toggle__icon--open eicon-menu-bar\"><\/i><i aria-hidden=\"true\" role=\"presentation\" class=\"elementor-menu-toggle__icon--close eicon-close\"><\/i>\t\t<\/div>\n\t\t\t\t\t<nav class=\"elementor-nav-menu--dropdown elementor-nav-menu__container\" aria-hidden=\"true\">\n\t\t\t\t<ul id=\"menu-2-5f42aa9\" class=\"elementor-nav-menu\"><li class=\"menu-item menu-item-type-custom menu-item-object-custom menu-item-6559\"><a href=\"https:\/\/villamadina.order-online.ai\/fr\/#\/\" class=\"elementor-item elementor-item-anchor\" tabindex=\"-1\">MENU<\/a><\/li>\n<li class=\"menu-item menu-item-type-post_type menu-item-object-page menu-item-6684\"><a href=\"https:\/\/villamadina.com\/fr\/catering\/\" class=\"elementor-item\" tabindex=\"-1\">TRAITEUR<\/a><\/li>\n<li class=\"menu-item menu-item-type-post_type menu-item-object-page menu-item-5694\"><a href=\"https:\/\/villamadina.com\/fr\/trouve-nous\/\" class=\"elementor-item\" tabindex=\"-1\">TROUVE NOUS<\/a><\/li>\n<li class=\"menu-item menu-item-type-post_type menu-item-object-page menu-item-5692\"><a href=\"https:\/\/villamadina.com\/fr\/franchises\/\" class=\"elementor-item\" tabindex=\"-1\">FRANCHISES<\/a><\/li>\n<li class=\"menu-item menu-item-type-custom menu-item-object-custom menu-item-5696\"><a href=\"https:\/\/loyalty.villamadina.com\/fr\" class=\"elementor-item\" tabindex=\"-1\">RECOMPENSES<\/a><\/li>\n<li class=\"menu-item menu-item-type-custom menu-item-object-custom menu-item-5892\"><a href=\"https:\/\/giftcards.villamadina.com\/fr\" class=\"elementor-item\" tabindex=\"-1\">CADEAU<\/a><\/li>\n<li class=\"menu-item menu-item-type-post_type menu-item-object-page menu-item-5691\"><a href=\"https:\/\/villamadina.com\/fr\/contact\/\" class=\"elementor-item\" tabindex=\"-1\">CONTACT<\/a><\/li>\n<li class=\"order-btn menu-item menu-item-type-custom menu-item-object-custom menu-item-5695\"><a href=\"https:\/\/villamadina.order-online.ai\/fr\/#\/\" class=\"elementor-item elementor-item-anchor\" tabindex=\"-1\">COMMANDER<\/a><\/li>\n<li class=\"menu-item wpml-ls-slot-36 wpml-ls-item wpml-ls-item-en wpml-ls-menu-item wpml-ls-first-item wpml-ls-last-item menu-item-type-wpml_ls_menu_item menu-item-object-wpml_ls_menu_item menu-item-wpml-ls-36-en\"><a href=\"https:\/\/villamadina.com\/\" title=\"Passer \u00e0 EN\" class=\"wpml-ls-link elementor-item\" tabindex=\"-1\"><span class=\"wpml-ls-native\" lang=\"en\">EN<\/span><\/a><\/li>\n<\/ul>\t\t\t<\/nav>\n\t\t\t\t\t\t<\/div>\n\t\t\t\t<\/div>\n\t\t\t\t\t<\/div>\n\t\t<\/div>\n\t\t\t\t\t<\/div>\n\t\t<\/section>\n\t\t\t\t\t<\/div>\n\t\t<\/div>\n\t\t\t\t\t<\/div>\n\t\t<\/section>\n\t\t\t\t<section data-particle_enable=\"false\" data-particle-mobile-disabled=\"false\" class=\"elementor-section elementor-top-section elementor-element elementor-element-ef85fed elementor-section-boxed elementor-section-height-default elementor-section-height-default\" data-id=\"ef85fed\" data-element_type=\"section\" data-settings=\"{&quot;background_background&quot;:&quot;classic&quot;}\">\n\t\t\t\t\t\t<div class=\"elementor-container elementor-column-gap-default\">\n\t\t\t\t\t<div class=\"elementor-column elementor-col-50 elementor-top-column elementor-element elementor-element-faf70d5\" data-id=\"faf70d5\" data-element_type=\"column\">\n\t\t\t<div class=\"elementor-widget-wrap elementor-element-populated\">\n\t\t\t\t\t\t<div class=\"elementor-element elementor-element-503edfd elementor-widget elementor-widget-image\" data-id=\"503edfd\" data-element_type=\"widget\" data-widget_type=\"image.default\">\n\t\t\t\t<div class=\"elementor-widget-container\">\n\t\t\t\t\t\t\t\t\t\t\t\t\t\t\t<img decoding=\"async\" width=\"1258\" height=\"1280\" src=\"https:\/\/villamadina.com\/wp-content\/uploads\/2026\/01\/CRISPYSHAWARMA2.jpg\" class=\"attachment-2048x2048 size-2048x2048 wp-image-6739\" alt=\"\" srcset=\"https:\/\/villamadina.com\/wp-content\/uploads\/2026\/01\/CRISPYSHAWARMA2-66x66.jpg 66w, https:\/\/villamadina.com\/wp-content\/uploads\/2026\/01\/CRISPYSHAWARMA2-200x203.jpg 200w, https:\/\/villamadina.com\/wp-content\/uploads\/2026\/01\/CRISPYSHAWARMA2-295x300.jpg 295w, https:\/\/villamadina.com\/wp-content\/uploads\/2026\/01\/CRISPYSHAWARMA2-400x407.jpg 400w, https:\/\/villamadina.com\/wp-content\/uploads\/2026\/01\/CRISPYSHAWARMA2-600x610.jpg 600w, https:\/\/villamadina.com\/wp-content\/uploads\/2026\/01\/CRISPYSHAWARMA2-768x781.jpg 768w, https:\/\/villamadina.com\/wp-content\/uploads\/2026\/01\/CRISPYSHAWARMA2-800x814.jpg 800w, https:\/\/villamadina.com\/wp-content\/uploads\/2026\/01\/CRISPYSHAWARMA2-1006x1024.jpg 1006w, https:\/\/villamadina.com\/wp-content\/uploads\/2026\/01\/CRISPYSHAWARMA2-1200x1221.jpg 1200w, https:\/\/villamadina.com\/wp-content\/uploads\/2026\/01\/CRISPYSHAWARMA2.jpg 1258w\" sizes=\"(max-width: 1258px) 100vw, 1258px\" \/>\t\t\t\t\t\t\t\t\t\t\t\t\t\t\t<\/div>\n\t\t\t\t<\/div>\n\t\t\t\t\t<\/div>\n\t\t<\/div>\n\t\t\t\t<div class=\"elementor-column elementor-col-50 elementor-top-column elementor-element elementor-element-f7f4e19\" data-id=\"f7f4e19\" data-element_type=\"column\">\n\t\t\t<div class=\"elementor-widget-wrap elementor-element-populated\">\n\t\t\t\t\t\t<div class=\"elementor-element elementor-element-33accf3 elementor-widget elementor-widget-image\" data-id=\"33accf3\" data-element_type=\"widget\" data-widget_type=\"image.default\">\n\t\t\t\t<div class=\"elementor-widget-container\">\n\t\t\t\t\t\t\t\t\t\t\t\t\t\t\t<img decoding=\"async\" width=\"300\" height=\"159\" src=\"https:\/\/villamadina.com\/wp-content\/uploads\/2026\/01\/CS-EN-300x159.png\" class=\"attachment-medium size-medium wp-image-6733\" alt=\"\" srcset=\"https:\/\/villamadina.com\/wp-content\/uploads\/2026\/01\/CS-EN-200x106.png 200w, https:\/\/villamadina.com\/wp-content\/uploads\/2026\/01\/CS-EN-300x159.png 300w, https:\/\/villamadina.com\/wp-content\/uploads\/2026\/01\/CS-EN-400x213.png 400w, https:\/\/villamadina.com\/wp-content\/uploads\/2026\/01\/CS-EN-600x319.png 600w, https:\/\/villamadina.com\/wp-content\/uploads\/2026\/01\/CS-EN-768x408.png 768w, https:\/\/villamadina.com\/wp-content\/uploads\/2026\/01\/CS-EN-800x425.png 800w, https:\/\/villamadina.com\/wp-content\/uploads\/2026\/01\/CS-EN-1024x544.png 1024w, https:\/\/villamadina.com\/wp-content\/uploads\/2026\/01\/CS-EN-1200x638.png 1200w, https:\/\/villamadina.com\/wp-content\/uploads\/2026\/01\/CS-EN-1536x816.png 1536w\" sizes=\"(max-width: 300px) 100vw, 300px\" \/>\t\t\t\t\t\t\t\t\t\t\t\t\t\t\t<\/div>\n\t\t\t\t<\/div>\n\t\t\t\t<div class=\"elementor-element elementor-element-4456d10 elementor-widget elementor-widget-text-editor\" data-id=\"4456d10\" data-element_type=\"widget\" data-widget_type=\"text-editor.default\">\n\t\t\t\t<div class=\"elementor-widget-container\">\n\t\t\t\t\t\t\t\t\t<p>Croquez \u00e0 pleines dents dans les nouveaux wraps croustillants au shawarma, roul\u00e9s \u00e0 la perfection.<br data-start=\"135\" data-end=\"138\">Choisissez entre le shawarma au b\u0153uf avec houmous aux cornichons \u00e0 l&rsquo;aneth ou le shawarma au poulet avec sauce \u00e0 l&rsquo;ail et cornichons \u00e0 l&rsquo;aneth, le tout envelopp\u00e9 dans un pain pita croustillant avec des navets marin\u00e9s, des cornichons, des oignons, des frites et la sauce signature Villa Madina. Finir avec un filet d&rsquo;ail et de la m\u00e9lasse de grenade. Essayez-en un d\u00e8s aujourd&rsquo;hui. Une saveur prononc\u00e9e et un croquant irr\u00e9sistible \u00e0 chaque bouch\u00e9e garantis.<\/p>\t\t\t\t\t\t\t\t<\/div>\n\t\t\t\t<\/div>\n\t\t\t\t<div class=\"elementor-element elementor-element-95f8735 elementor-align-center elementor-widget elementor-widget-button\" data-id=\"95f8735\" data-element_type=\"widget\" data-widget_type=\"button.default\">\n\t\t\t\t<div class=\"elementor-widget-container\">\n\t\t\t\t\t\t\t\t\t<div class=\"elementor-button-wrapper\">\n\t\t\t\t\t<a class=\"elementor-button elementor-button-link elementor-size-sm\" href=\"https:\/\/villamadina.com\/fr\/trouve-nous\/\">\n\t\t\t\t\t\t<span class=\"elementor-button-content-wrapper\">\n\t\t\t\t\t\t\t\t\t<span class=\"elementor-button-text\">TROUVER UN EMPLACEMENT<\/span>\n\t\t\t\t\t<\/span>\n\t\t\t\t\t<\/a>\n\t\t\t\t<\/div>\n\t\t\t\t\t\t\t\t<\/div>\n\t\t\t\t<\/div>\n\t\t\t\t\t<\/div>\n\t\t<\/div>\n\t\t\t\t\t<\/div>\n\t\t<\/section>\n\t\t\t\t<section data-particle_enable=\"false\" data-particle-mobile-disabled=\"false\" class=\"elementor-section elementor-top-section elementor-element elementor-element-ede1e3c elementor-section-boxed elementor-section-height-default elementor-section-height-default\" data-id=\"ede1e3c\" data-element_type=\"section\" data-settings=\"{&quot;background_background&quot;:&quot;classic&quot;}\">\n\t\t\t\t\t\t<div class=\"elementor-container elementor-column-gap-default\">\n\t\t\t\t\t<div class=\"elementor-column elementor-col-100 elementor-top-column elementor-element elementor-element-51c01e1\" data-id=\"51c01e1\" data-element_type=\"column\">\n\t\t\t<div class=\"elementor-widget-wrap elementor-element-populated\">\n\t\t\t\t\t\t<section data-particle_enable=\"false\" data-particle-mobile-disabled=\"false\" class=\"elementor-section elementor-inner-section elementor-element elementor-element-dc918b1 elementor-section-boxed elementor-section-height-default elementor-section-height-default\" data-id=\"dc918b1\" data-element_type=\"section\">\n\t\t\t\t\t\t<div class=\"elementor-container elementor-column-gap-default\">\n\t\t\t\t\t<div class=\"elementor-column elementor-col-50 elementor-inner-column elementor-element elementor-element-829df9e\" data-id=\"829df9e\" data-element_type=\"column\">\n\t\t\t<div class=\"elementor-widget-wrap elementor-element-populated\">\n\t\t\t\t\t\t<div class=\"elementor-element elementor-element-e01acaf elementor-widget elementor-widget-image\" data-id=\"e01acaf\" data-element_type=\"widget\" data-widget_type=\"image.default\">\n\t\t\t\t<div class=\"elementor-widget-container\">\n\t\t\t\t\t\t\t\t\t\t\t\t\t\t\t<img loading=\"lazy\" decoding=\"async\" width=\"300\" height=\"133\" src=\"https:\/\/villamadina.com\/wp-content\/uploads\/2023\/02\/villa-madina-restaurant-300x133.png\" class=\"attachment-medium size-medium wp-image-5276\" alt=\"\" srcset=\"https:\/\/villamadina.com\/wp-content\/uploads\/2023\/02\/villa-madina-restaurant-200x89.png 200w, https:\/\/villamadina.com\/wp-content\/uploads\/2023\/02\/villa-madina-restaurant-300x133.png 300w, https:\/\/villamadina.com\/wp-content\/uploads\/2023\/02\/villa-madina-restaurant-400x178.png 400w, https:\/\/villamadina.com\/wp-content\/uploads\/2023\/02\/villa-madina-restaurant-600x267.png 600w, https:\/\/villamadina.com\/wp-content\/uploads\/2023\/02\/villa-madina-restaurant-768x342.png 768w, https:\/\/villamadina.com\/wp-content\/uploads\/2023\/02\/villa-madina-restaurant-800x356.png 800w, https:\/\/villamadina.com\/wp-content\/uploads\/2023\/02\/villa-madina-restaurant-1024x455.png 1024w, https:\/\/villamadina.com\/wp-content\/uploads\/2023\/02\/villa-madina-restaurant-1200x534.png 1200w, https:\/\/villamadina.com\/wp-content\/uploads\/2023\/02\/villa-madina-restaurant.png 1500w\" sizes=\"(max-width: 300px) 100vw, 300px\" \/>\t\t\t\t\t\t\t\t\t\t\t\t\t\t\t<\/div>\n\t\t\t\t<\/div>\n\t\t\t\t<div class=\"elementor-element elementor-element-0aa00cb elementor-shape-rounded elementor-grid-0 e-grid-align-center elementor-widget elementor-widget-social-icons\" data-id=\"0aa00cb\" data-element_type=\"widget\" data-widget_type=\"social-icons.default\">\n\t\t\t\t<div class=\"elementor-widget-container\">\n\t\t\t\t\t\t\t<div class=\"elementor-social-icons-wrapper elementor-grid\" role=\"list\">\n\t\t\t\t\t\t\t<span class=\"elementor-grid-item\" role=\"listitem\">\n\t\t\t\t\t<a class=\"elementor-icon elementor-social-icon elementor-social-icon-facebook elementor-repeater-item-dc49544\" href=\"https:\/\/www.facebook.com\/villamadinarestaurant\/\" target=\"_blank\">\n\t\t\t\t\t\t<span class=\"elementor-screen-only\">Facebook<\/span>\n\t\t\t\t\t\t<i aria-hidden=\"true\" class=\"fab fa-facebook\"><\/i>\t\t\t\t\t<\/a>\n\t\t\t\t<\/span>\n\t\t\t\t\t\t\t<span class=\"elementor-grid-item\" role=\"listitem\">\n\t\t\t\t\t<a class=\"elementor-icon elementor-social-icon elementor-social-icon-instagram elementor-repeater-item-ba2da18\" href=\"https:\/\/www.instagram.com\/villamadina\" target=\"_blank\">\n\t\t\t\t\t\t<span class=\"elementor-screen-only\">Instagram<\/span>\n\t\t\t\t\t\t<i aria-hidden=\"true\" class=\"fab fa-instagram\"><\/i>\t\t\t\t\t<\/a>\n\t\t\t\t<\/span>\n\t\t\t\t\t<\/div>\n\t\t\t\t\t\t<\/div>\n\t\t\t\t<\/div>\n\t\t\t\t\t<\/div>\n\t\t<\/div>\n\t\t\t\t<div class=\"elementor-column elementor-col-50 elementor-inner-column elementor-element elementor-element-0725049\" data-id=\"0725049\" data-element_type=\"column\">\n\t\t\t<div class=\"elementor-widget-wrap elementor-element-populated\">\n\t\t\t\t\t\t<div class=\"elementor-element elementor-element-6574c47 elementor-widget elementor-widget-text-editor\" data-id=\"6574c47\" data-element_type=\"widget\" data-widget_type=\"text-editor.default\">\n\t\t\t\t<div class=\"elementor-widget-container\">\n\t\t\t\t\t\t\t\t\t<p style=\"color: white; margin: 0;\"><span style=\"color: #ffffff;\"><a style=\"color: #ffffff; text-decoration: none;\" href=\"https:\/\/mtygroup.com\/en\/terms-conditions\/\" target=\"_blank\" rel=\"noopener\">Terms &amp; Conditions<\/a> | <a style=\"color: #ffffff; text-decoration: none;\" href=\"https:\/\/mtygroup.com\/en\/privacy-policy\/\" target=\"_blank\" rel=\"noopener\">Privacy Policy<\/a> | <a style=\"color: #ffffff; text-decoration: none;\" href=\"\/wp-content\/uploads\/2024\/12\/Accessibility_Policy_and_Plan_EN_2024.pdf\">Accessibility Policy<\/a> | <a style=\"color: #ffffff; text-decoration: none;\" href=\"https:\/\/villamadina.com\/wp-content\/uploads\/2025\/10\/VILLA-MADINA_nutritional_guide_07.28.25.pdf\">Nutritionals &amp; Allergens<\/a><\/span><\/p>\t\t\t\t\t\t\t\t<\/div>\n\t\t\t\t<\/div>\n\t\t\t\t\t<\/div>\n\t\t<\/div>\n\t\t\t\t\t<\/div>\n\t\t<\/section>\n\t\t\t\t\t<\/div>\n\t\t<\/div>\n\t\t\t\t\t<\/div>\n\t\t<\/section>\n\t\t\t\t<\/div>\n\t\t","protected":false},"excerpt":{"rendered":"<p>Croquez \u00e0 pleines dents dans les nouveaux wraps croustillants au shawarma, roul\u00e9s \u00e0 la perfection.Choisissez entre le shawarma au b\u0153uf avec houmous aux cornichons \u00e0 l&rsquo;aneth ou le shawarma au poulet avec sauce \u00e0 l&rsquo;ail et cornichons \u00e0 l&rsquo;aneth, le tout envelopp\u00e9 dans un pain pita croustillant avec des navets marin\u00e9s, des cornichons, des oignons, des frites et la sauce signature Villa Madina. Finir avec un filet d&rsquo;ail et de la m\u00e9lasse de grenade. Essayez-en un d\u00e8s aujourd&rsquo;hui. Une saveur  [&#8230;]<\/p>\n","protected":false},"author":1,"featured_media":0,"parent":0,"menu_order":0,"comment_status":"closed","ping_status":"closed","template":"elementor_canvas","meta":{"_acf_changed":false,"footnotes":""},"class_list":["post-6752","page","type-page","status-publish","hentry"],"acf":[],"_links":{"self":[{"href":"https:\/\/villamadina.com\/fr\/wp-json\/wp\/v2\/pages\/6752","targetHints":{"allow":["GET"]}}],"collection":[{"href":"https:\/\/villamadina.com\/fr\/wp-json\/wp\/v2\/pages"}],"about":[{"href":"https:\/\/villamadina.com\/fr\/wp-json\/wp\/v2\/types\/page"}],"author":[{"embeddable":true,"href":"https:\/\/villamadina.com\/fr\/wp-json\/wp\/v2\/users\/1"}],"replies":[{"embeddable":true,"href":"https:\/\/villamadina.com\/fr\/wp-json\/wp\/v2\/comments?post=6752"}],"version-history":[{"count":0,"href":"https:\/\/villamadina.com\/fr\/wp-json\/wp\/v2\/pages\/6752\/revisions"}],"wp:attachment":[{"href":"https:\/\/villamadina.com\/fr\/wp-json\/wp\/v2\/media?parent=6752"}],"curies":[{"name":"wp","href":"https:\/\/api.w.org\/{rel}","templated":true}]}}